{"id":779,"date":"2021-11-07T21:53:59","date_gmt":"2021-11-07T20:53:59","guid":{"rendered":"http:\/\/kmita.art.pl\/?page_id=779"},"modified":"2026-01-26T20:41:39","modified_gmt":"2026-01-26T19:41:39","slug":"swiat-jest-pojechany-na-maksa-stand-up-olka-talkowskiego","status":"publish","type":"page","link":"https:\/\/kmita.art.pl\/index.php\/swiat-jest-pojechany-na-maksa-stand-up-olka-talkowskiego\/","title":{"rendered":"\u015awiat jest pojechany &#8211; Stand-up Olka Talkowskiego"},"content":{"rendered":"\t\t<div data-elementor-type=\"wp-page\" data-elementor-id=\"779\" class=\"elementor elementor-779\">\n\t\t\t\t\t\t<section class=\"elementor-section elementor-top-section elementor-element elementor-element-a784d10 elementor-section-boxed elementor-section-height-default elementor-section-height-default\" data-id=\"a784d10\" data-element_type=\"section\" data-settings=\"{&quot;background_background&quot;:&quot;classic&quot;}\">\n\t\t\t\t\t\t\t<div class=\"elementor-background-overlay\"><\/div>\n\t\t\t\t\t\t\t<div class=\"elementor-container elementor-column-gap-default\">\n\t\t\t\t\t<div class=\"elementor-column elementor-col-100 elementor-top-column elementor-element elementor-element-62054f05\" data-id=\"62054f05\" data-element_type=\"column\">\n\t\t\t<div class=\"elementor-widget-wrap elementor-element-populated\">\n\t\t\t\t\t\t<div class=\"elementor-element elementor-element-6d7b7b45 elementor-widget elementor-widget-image\" data-id=\"6d7b7b45\" data-element_type=\"widget\" data-widget_type=\"image.default\">\n\t\t\t\t<div class=\"elementor-widget-container\">\n\t\t\t\t\t\t\t\t\t\t\t\t\t<img fetchpriority=\"high\" decoding=\"async\" width=\"1024\" height=\"224\" src=\"https:\/\/kmita.art.pl\/wp-content\/uploads\/2021\/07\/baner-klon-1024x224.jpg\" class=\"attachment-large size-large wp-image-399\" alt=\"\" srcset=\"https:\/\/kmita.art.pl\/wp-content\/uploads\/2021\/07\/baner-klon-1024x224.jpg 1024w, https:\/\/kmita.art.pl\/wp-content\/uploads\/2021\/07\/baner-klon-300x66.jpg 300w, https:\/\/kmita.art.pl\/wp-content\/uploads\/2021\/07\/baner-klon-768x168.jpg 768w, https:\/\/kmita.art.pl\/wp-content\/uploads\/2021\/07\/baner-klon.jpg 1200w\" sizes=\"(max-width: 1024px) 100vw, 1024px\" \/>\t\t\t\t\t\t\t\t\t\t\t\t\t<\/div>\n\t\t\t\t<\/div>\n\t\t\t\t<section class=\"elementor-section elementor-inner-section elementor-element elementor-element-48c9fe5e elementor-section-boxed elementor-section-height-default elementor-section-height-default\" data-id=\"48c9fe5e\" data-element_type=\"section\">\n\t\t\t\t\t\t<div class=\"elementor-container elementor-column-gap-default\">\n\t\t\t\t\t<div class=\"elementor-column elementor-col-50 elementor-inner-column elementor-element elementor-element-53369b32\" data-id=\"53369b32\" data-element_type=\"column\" data-settings=\"{&quot;animation&quot;:&quot;none&quot;}\">\n\t\t\t<div class=\"elementor-widget-wrap elementor-element-populated\">\n\t\t\t\t\t\t<div class=\"elementor-element elementor-element-2edbdd25 elementor-widget elementor-widget-image\" data-id=\"2edbdd25\" data-element_type=\"widget\" data-widget_type=\"image.default\">\n\t\t\t\t<div class=\"elementor-widget-container\">\n\t\t\t\t\t\t\t\t\t\t<figure class=\"wp-caption\">\n\t\t\t\t\t\t\t\t\t\t\t<a href=\"http:\/\/kmita.art.pl\/wp-content\/uploads\/2021\/07\/STANDUP-PLAKAT-4.0.jpg\" data-elementor-open-lightbox=\"yes\" data-elementor-lightbox-title=\"STANDUP PLAKAT 4.0\" data-e-action-hash=\"#elementor-action%3Aaction%3Dlightbox%26settings%3DeyJpZCI6Mzk2LCJ1cmwiOiJodHRwczpcL1wva21pdGEuYXJ0LnBsXC93cC1jb250ZW50XC91cGxvYWRzXC8yMDIxXC8wN1wvU1RBTkRVUC1QTEFLQVQtNC4wLmpwZyJ9\">\n\t\t\t\t\t\t\t<img decoding=\"async\" src=\"https:\/\/kmita.art.pl\/wp-content\/uploads\/2021\/07\/STANDUP-PLAKAT-4.0.jpg\" title=\"STANDUP PLAKAT 4.0\" alt=\"Plakat\" loading=\"lazy\" \/>\t\t\t\t\t\t\t\t<\/a>\n\t\t\t\t\t\t\t\t\t\t\t<figcaption class=\"widget-image-caption wp-caption-text\">POBIERZ    PLAKAT<\/figcaption>\n\t\t\t\t\t\t\t\t\t\t<\/figure>\n\t\t\t\t\t\t\t<\/div>\n\t\t\t\t<\/div>\n\t\t\t\t\t<\/div>\n\t\t<\/div>\n\t\t\t\t<div class=\"elementor-column elementor-col-50 elementor-inner-column elementor-element elementor-element-6398ae8d\" data-id=\"6398ae8d\" data-element_type=\"column\">\n\t\t\t<div class=\"elementor-widget-wrap elementor-element-populated\">\n\t\t\t\t\t\t<div class=\"elementor-element elementor-element-2c6de73e elementor-widget elementor-widget-text-editor\" data-id=\"2c6de73e\" data-element_type=\"widget\" data-widget_type=\"text-editor.default\">\n\t\t\t\t<div class=\"elementor-widget-container\">\n\t\t\t\t\t\t\t<p><strong>\u00a0 Olek Talkowski <\/strong>\u2013 jedna z pere\u0142 formacji \u201eStand-up wed\u0142ug Kmity\u201d. M\u0142ody, nadpobudliwy, zdaniem lekarzy nie do ko\u0144ca zdiagnozowany. W brawurowej, obficie podlanej absurdami opowie\u015bci \u2013 oprowadzi was po swojej dzielni, po swoich przygodach z babeczkami i po swoich odpalonych refleksjach o \u015bwiecie. Jego zdaniem \u015bwiat jest nie\u017ale szurni\u0119ty i Olek ma na to wiele dowod\u00f3w. Mo\u017ce nie s\u0105 zbyt wiarygodne, ale na pewno zar\u0105bi\u015bcie \u015bmieszne.\u00a0<\/p><p><strong>\u00a0 \u00a0 \u00a0Tytu\u0142 programu Olka: \u201e\u015awiat jest pojechany na maksa\u201d<\/strong><\/p><p>\u00a0<\/p><p style=\"text-align: center;\">* * *<\/p><p>\u00a0<\/p><p>\u00a0 \u00a0Dzielnica, po kt\u00f3rej nie chodzi si\u0119 po zmroku, s\u0105siedzi, do kt\u00f3rych nie puka si\u0119 bez powodu, bloki, do kt\u00f3rych lepiej nie wchodzi\u0107 samemu. Osiedle oddycha g\u0119stym powietrzem i tworzy ob\u0142oki absurdu. Niekt\u00f3rzy tam wpadli na chwil\u0119, niekt\u00f3rzy zostan\u0105 na zawsze. Ale poma\u0142u\u2026 Uspok\u00f3j oddech, przetrzyj oczy, wyt\u0119\u017c s\u0142uch. I zanurz si\u0119 w stand-up Olka.<\/p>\t\t\t\t\t\t<\/div>\n\t\t\t\t<\/div>\n\t\t\t\t<div class=\"elementor-element elementor-element-605ff696 elementor-widget-divider--view-line elementor-widget elementor-widget-divider\" data-id=\"605ff696\" data-element_type=\"widget\" data-widget_type=\"divider.default\">\n\t\t\t\t<div class=\"elementor-widget-container\">\n\t\t\t\t\t<div class=\"elementor-divider\">\n\t\t\t<span class=\"elementor-divider-separator\">\n\t\t\t\t\t\t<\/span>\n\t\t<\/div>\n\t\t\t\t<\/div>\n\t\t\t\t<\/div>\n\t\t\t\t\t<\/div>\n\t\t<\/div>\n\t\t\t\t\t<\/div>\n\t\t<\/section>\n\t\t\t\t<section class=\"elementor-section elementor-inner-section elementor-element elementor-element-35e25a2a elementor-section-boxed elementor-section-height-default elementor-section-height-default\" data-id=\"35e25a2a\" data-element_type=\"section\">\n\t\t\t\t\t\t<div class=\"elementor-container elementor-column-gap-default\">\n\t\t\t\t\t<div class=\"elementor-column elementor-col-50 elementor-inner-column elementor-element elementor-element-239c7ce2\" data-id=\"239c7ce2\" data-element_type=\"column\">\n\t\t\t<div class=\"elementor-widget-wrap elementor-element-populated\">\n\t\t\t\t\t\t<div class=\"elementor-element elementor-element-197ac62 elementor-widget elementor-widget-video\" data-id=\"197ac62\" data-element_type=\"widget\" data-settings=\"{&quot;youtube_url&quot;:&quot;https:\\\/\\\/youtu.be\\\/rC50kDtCeQA&quot;,&quot;video_type&quot;:&quot;youtube&quot;,&quot;controls&quot;:&quot;yes&quot;}\" data-widget_type=\"video.default\">\n\t\t\t\t<div class=\"elementor-widget-container\">\n\t\t\t\t\t<div class=\"elementor-wrapper elementor-open-inline\">\n\t\t\t<div class=\"elementor-video\"><\/div>\t\t<\/div>\n\t\t\t\t<\/div>\n\t\t\t\t<\/div>\n\t\t\t\t<div class=\"elementor-element elementor-element-c4f4fbc elementor-widget elementor-widget-video\" data-id=\"c4f4fbc\" data-element_type=\"widget\" data-settings=\"{&quot;youtube_url&quot;:&quot;https:\\\/\\\/youtu.be\\\/Kn-z6lnhoQk&quot;,&quot;video_type&quot;:&quot;youtube&quot;,&quot;controls&quot;:&quot;yes&quot;}\" data-widget_type=\"video.default\">\n\t\t\t\t<div class=\"elementor-widget-container\">\n\t\t\t\t\t<div class=\"elementor-wrapper elementor-open-inline\">\n\t\t\t<div class=\"elementor-video\"><\/div>\t\t<\/div>\n\t\t\t\t<\/div>\n\t\t\t\t<\/div>\n\t\t\t\t<div class=\"elementor-element elementor-element-f697ec6 elementor-widget elementor-widget-video\" data-id=\"f697ec6\" data-element_type=\"widget\" data-settings=\"{&quot;youtube_url&quot;:&quot;https:\\\/\\\/youtu.be\\\/_xE1cr5utZs&quot;,&quot;video_type&quot;:&quot;youtube&quot;,&quot;controls&quot;:&quot;yes&quot;}\" data-widget_type=\"video.default\">\n\t\t\t\t<div class=\"elementor-widget-container\">\n\t\t\t\t\t<div class=\"elementor-wrapper elementor-open-inline\">\n\t\t\t<div class=\"elementor-video\"><\/div>\t\t<\/div>\n\t\t\t\t<\/div>\n\t\t\t\t<\/div>\n\t\t\t\t<div class=\"elementor-element elementor-element-02c36e1 elementor-widget elementor-widget-video\" data-id=\"02c36e1\" data-element_type=\"widget\" data-settings=\"{&quot;youtube_url&quot;:&quot;https:\\\/\\\/youtu.be\\\/ZtLgSqWJgg4&quot;,&quot;video_type&quot;:&quot;youtube&quot;,&quot;controls&quot;:&quot;yes&quot;}\" data-widget_type=\"video.default\">\n\t\t\t\t<div class=\"elementor-widget-container\">\n\t\t\t\t\t<div class=\"elementor-wrapper elementor-open-inline\">\n\t\t\t<div class=\"elementor-video\"><\/div>\t\t<\/div>\n\t\t\t\t<\/div>\n\t\t\t\t<\/div>\n\t\t\t\t<div class=\"elementor-element elementor-element-ebc0844 elementor-widget elementor-widget-video\" data-id=\"ebc0844\" data-element_type=\"widget\" data-settings=\"{&quot;youtube_url&quot;:&quot;https:\\\/\\\/youtu.be\\\/_xE1cr5utZs&quot;,&quot;video_type&quot;:&quot;youtube&quot;,&quot;controls&quot;:&quot;yes&quot;}\" data-widget_type=\"video.default\">\n\t\t\t\t<div class=\"elementor-widget-container\">\n\t\t\t\t\t<div class=\"elementor-wrapper elementor-open-inline\">\n\t\t\t<div class=\"elementor-video\"><\/div>\t\t<\/div>\n\t\t\t\t<\/div>\n\t\t\t\t<\/div>\n\t\t\t\t\t<\/div>\n\t\t<\/div>\n\t\t\t\t<div class=\"elementor-column elementor-col-50 elementor-inner-column elementor-element elementor-element-238090bb\" data-id=\"238090bb\" data-element_type=\"column\">\n\t\t\t<div class=\"elementor-widget-wrap elementor-element-populated\">\n\t\t\t\t\t\t<div class=\"elementor-element elementor-element-2631d613 elementor-widget elementor-widget-heading\" data-id=\"2631d613\" data-element_type=\"widget\" data-widget_type=\"heading.default\">\n\t\t\t\t<div class=\"elementor-widget-container\">\n\t\t\t<h2 class=\"elementor-heading-title elementor-size-default\">Gar\u015b\u0107 cytat\u00f3w<\/h2>\t\t<\/div>\n\t\t\t\t<\/div>\n\t\t\t\t<div class=\"elementor-element elementor-element-7efd36e9 elementor-widget elementor-widget-text-editor\" data-id=\"7efd36e9\" data-element_type=\"widget\" data-widget_type=\"text-editor.default\">\n\t\t\t\t<div class=\"elementor-widget-container\">\n\t\t\t\t\t\t\t<p><em><strong>\u00a0 \u00a0 Nic za darmo! Zreszt\u0105 tak si\u0119 dzieje od samych narodzin kasiory&#8230; Jak wiecie \u2013 pieni\u0105dze wymy\u015blili Fenicjanie. My\u015blicie, \u017ce za friko?! Jak znam \u017cycie, dostali za to grub\u0105 fors\u0119 od producent\u00f3w portfeli i portmonetek!<\/strong><\/em><\/p><p style=\"text-align: center;\">* * *<\/p><p>\u00a0<\/p><p><em><strong>\u00a0 \u00a0No i w seksie \u2013 megatemperament! Gdyby ta kobieta by\u0142a wiatrem, pewnie zrywa\u0142aby dachy i porywa\u0142a byd\u0142o z pastwisk! To, co ona robi\u0142a w \u0142\u00f3\u017cku, by\u0142o niewiarygodne! Czasami si\u0119 zastanawia\u0142em, czy nie wynaj\u0105\u0107 do pomocy kaskadera.<\/strong><\/em><\/p><p style=\"text-align: center;\"><em><strong>* * *<\/strong><\/em><\/p><p style=\"text-align: left;\"><em><strong><br \/>\u00a0 \u00a0 \u00a0A! \u2013 jeszcze jedno z tej budowy pami\u0119tam: pracowa\u0142 tam go\u015bciu, kt\u00f3ry strasznie si\u0119 j\u0105ka\u0142. Normalnie tak si\u0119 j\u0105ka\u0142, \u017ce jak kiedy\u015b wys\u0142ali\u015bmy go do tego sklepu po jabola, to zamiast flachy przyni\u00f3s\u0142 dwadzie\u015bcia cztery jaja!<\/strong><\/em><\/p><p style=\"text-align: center;\">* * *<\/p><p>\u00a0<\/p><p><em><strong>\u00a0 \u00a0 Bo z urod\u0105 nie-Polek \u2013 to ju\u017c r\u00f3\u017cnie bywa. By\u0142em kiedy\u015b w Irlandii \u2013 to powiem wam tylko tyle, \u017ce jak ca\u0142kiem przypadkowo trafi\u0142em tam na wiecz\u00f3r panie\u0144ski, to przez d\u0142u\u017cszy czas my\u015bla\u0142em, \u017ce to wiecz\u00f3r kawalerski.<\/strong><\/em><\/p><p style=\"text-align: center;\">* * *<em><strong>\u00a0\u00a0<\/strong><\/em><em><strong>\u00a0<\/strong><\/em><\/p><p>\u00a0<\/p><p><em><strong>\u00a0 \u00a0Gumowy urodzi\u0142 si\u0119 z tak wielkim garbem, \u017ce rodzice nie musieli kupowa\u0107 mu ko\u0142yski&#8230;<\/strong><\/em><\/p><p style=\"text-align: center;\"><em><strong>* * *<\/strong><\/em><\/p><p style=\"text-align: left;\"><em><strong><br \/>\u00a0 \u015aciany w naszym bloku by\u0142y tak cienkie, \u017ce jak Malinowski z parteru posuwa\u0142 kiedy\u015b swoj\u0105 \u017con\u0119, to Kaczmarkowa z mieszkania obok zasz\u0142a w ci\u0105\u017c\u0119!<\/strong><\/em><\/p><p style=\"text-align: center;\">* * *<\/p><p>\u00a0<\/p><p><em><strong>\u00a0 W niekt\u00f3rych krajach urod\u0119 kobiet w og\u00f3le trudno ocenia\u0107. Na przyk\u0142ad w krajach arabskich. Chodz\u0105 w tych burkach i we\u017a to oce\u0144. Ostatnio s\u0142ysza\u0142em, \u017ce w Arabii Saudyjskiej podczas wybor\u00f3w Miss \u2013 tytu\u0142 kr\u00f3lowej pi\u0119kno\u015bci omy\u0142kowo otrzyma\u0142 aba\u017cur!&#8230;<\/strong><\/em><\/p><p style=\"text-align: center;\"><em><strong>\u00a0 \u00a0 * * *<\/strong><\/em><\/p><p>\u00a0<\/p><p><em><strong>\u00a0 \u00a0 Druga kobitka, z kt\u00f3r\u0105 mieszka\u0142em \u2013 to Marylka. Marylka z pochodzenia by\u0142a p\u00f3\u0142 Polk\u0105, p\u00f3\u0142 Ukraink\u0105. Polk\u0105 by\u0142a po rodzicach, a Ukraink\u0105 po ogrodniku Iwanie, kt\u00f3ry piel\u0119gnowa\u0142 rodzicom ogr\u00f3dek.<\/strong><\/em><\/p><p style=\"text-align: center;\"><em><strong>\u00a0 \u00a0 \u00a0<\/strong><\/em><em><strong> * * *<\/strong><\/em><\/p><p>\u00a0<\/p><p><em><strong>\u00a0 \u00a0 W og\u00f3le mieszka\u0142o tam w choler\u0119 biedoty. Niekt\u00f3rzy byli tak biedni, \u017ce worek \u015bmieci wyrzucony z dziesi\u0105tego pi\u0119tra rzadko kiedy dolatywa\u0142 do ziemi.<\/strong><\/em><\/p><p style=\"text-align: center;\"><em><strong>* * *<\/strong><\/em><\/p><p style=\"text-align: left;\"><em><strong><br \/>\u00a0 \u00a0 Mia\u0142em wtedy co\u015b z pi\u0119tna\u015bcie lat&#8230; Ca\u0142y wolny czas sp\u0119dza\u0142em przed kompem, gdzie poch\u0142ania\u0142y mnie dwie wielkie pasje: ornitologia i masturbacja, czyli og\u00f3lnie \u2013 zajmowa\u0142em si\u0119 ptakami.<\/strong><\/em><\/p><p style=\"text-align: center;\"><em><strong>* * *<\/strong><\/em><\/p><p><em><strong><br \/>\u00a0 <\/strong><\/em><em><strong>\u00a0Wujek Felek \u2013 by\u0142 wielkim patriot\u0105. Czci\u0142 pami\u0119\u0107 Ko\u015bciuszki i Pi\u0142sudskiego, kupowa\u0142 tylko polskie produkty, na ka\u017cde \u015bwi\u0119to wiesza\u0142 w oknie bia\u0142o-czerwon\u0105 flag\u0119. Kocha\u0142 ojczyzn\u0119 tak bardzo, \u017ce nawet \u0142ysia\u0142 w kszta\u0142cie Polski! I to w granicach od morza do morza!<\/strong><\/em><\/p><p style=\"text-align: center;\"><em><strong>* * *<\/strong><\/em><\/p><p style=\"text-align: left;\"><em><strong><br \/>\u00a0 \u00a0Pierwsza zasada naszej dzielni brzmia\u0142a: \u201eNie stawiaj niczego na zewn\u0105trz. Nie stawiaj pod blokiem \u017cadnych w\u00f3zk\u00f3w, rower\u00f3w czy hulajnogi!\u201d. Tam na zewn\u0105trz nie mo\u017cna by\u0142o mie\u0107 nawet erekcji, bo wszystko, co sta\u0142o \u2013 od razu kradli.<\/strong><\/em><\/p><p style=\"text-align: center;\"><em><strong>* * *<\/strong><\/em><\/p><p style=\"text-align: left;\"><em><strong><br \/>\u00a0 \u00a0 Tatko cz\u0119sto powtarza\u0142:<br \/>\u2013 Mowa jest srebrem, milczenie z\u0142otem, a milczenie waszej matki&#8230; o, nie \u2013 takiego kruszcu to jeszcze nie odkryto.<\/strong><\/em><\/p>\t\t\t\t\t\t<\/div>\n\t\t\t\t<\/div>\n\t\t\t\t\t<\/div>\n\t\t<\/div>\n\t\t\t\t\t<\/div>\n\t\t<\/section>\n\t\t\t\t<div class=\"elementor-element elementor-element-c022c4b elementor-arrows-position-inside elementor-widget elementor-widget-image-carousel\" data-id=\"c022c4b\" data-element_type=\"widget\" data-settings=\"{&quot;slides_to_show&quot;:&quot;4&quot;,&quot;slides_to_scroll&quot;:&quot;2&quot;,&quot;autoplay_speed&quot;:4999,&quot;speed&quot;:499,&quot;navigation&quot;:&quot;arrows&quot;,&quot;_animation&quot;:&quot;none&quot;,&quot;autoplay&quot;:&quot;yes&quot;,&quot;pause_on_hover&quot;:&quot;yes&quot;,&quot;pause_on_interaction&quot;:&quot;yes&quot;,&quot;infinite&quot;:&quot;yes&quot;}\" data-widget_type=\"image-carousel.default\">\n\t\t\t\t<div class=\"elementor-widget-container\">\n\t\t\t\t\t<div class=\"elementor-image-carousel-wrapper swiper\" dir=\"ltr\">\n\t\t\t<div class=\"elementor-image-carousel swiper-wrapper\" aria-live=\"off\">\n\t\t\t\t\t\t\t\t<div class=\"swiper-slide\" role=\"group\" aria-roledescription=\"slide\" aria-label=\"1 of 16\"><figure class=\"swiper-slide-inner\"><img decoding=\"async\" class=\"swiper-slide-image\" src=\"https:\/\/kmita.art.pl\/wp-content\/uploads\/2021\/11\/Zrzut-ekranu-2021-08-25-o-14.08.04-300x188.png\" alt=\"Zrzut ekranu 2021-08-25 o 14.08.04\" \/><\/figure><\/div><div class=\"swiper-slide\" role=\"group\" aria-roledescription=\"slide\" aria-label=\"2 of 16\"><figure class=\"swiper-slide-inner\"><img decoding=\"async\" class=\"swiper-slide-image\" src=\"https:\/\/kmita.art.pl\/wp-content\/uploads\/2021\/06\/Olek-sesja3-200x300.jpg\" alt=\"Olek\" \/><\/figure><\/div><div class=\"swiper-slide\" role=\"group\" aria-roledescription=\"slide\" aria-label=\"3 of 16\"><figure class=\"swiper-slide-inner\"><img decoding=\"async\" class=\"swiper-slide-image\" src=\"https:\/\/kmita.art.pl\/wp-content\/uploads\/2021\/11\/Zrzut-ekranu-2021-08-25-o-14.08.29-300x188.png\" alt=\"Zrzut ekranu 2021-08-25 o 14.08.29\" \/><\/figure><\/div><div class=\"swiper-slide\" role=\"group\" aria-roledescription=\"slide\" aria-label=\"4 of 16\"><figure class=\"swiper-slide-inner\"><img decoding=\"async\" class=\"swiper-slide-image\" src=\"https:\/\/kmita.art.pl\/wp-content\/uploads\/2021\/06\/Olek-sesja12-300x200.jpg\" alt=\"Olek-sesja12\" \/><\/figure><\/div><div class=\"swiper-slide\" role=\"group\" aria-roledescription=\"slide\" aria-label=\"5 of 16\"><figure class=\"swiper-slide-inner\"><img decoding=\"async\" class=\"swiper-slide-image\" src=\"https:\/\/kmita.art.pl\/wp-content\/uploads\/2021\/06\/Olek-sesja39-200x300.jpg\" alt=\"Olek-sesja39\" \/><\/figure><\/div><div class=\"swiper-slide\" role=\"group\" aria-roledescription=\"slide\" aria-label=\"6 of 16\"><figure class=\"swiper-slide-inner\"><img decoding=\"async\" class=\"swiper-slide-image\" src=\"https:\/\/kmita.art.pl\/wp-content\/uploads\/2021\/11\/Zrzut-ekranu-2021-08-25-o-14.08.36-1-300x188.png\" alt=\"Zrzut ekranu 2021-08-25 o 14.08.36\" \/><\/figure><\/div><div class=\"swiper-slide\" role=\"group\" aria-roledescription=\"slide\" aria-label=\"7 of 16\"><figure class=\"swiper-slide-inner\"><img decoding=\"async\" class=\"swiper-slide-image\" src=\"https:\/\/kmita.art.pl\/wp-content\/uploads\/2021\/06\/Olek-sesja2-200x300.jpg\" alt=\"Olek-sesja2\" \/><\/figure><\/div><div class=\"swiper-slide\" role=\"group\" aria-roledescription=\"slide\" aria-label=\"8 of 16\"><figure class=\"swiper-slide-inner\"><img decoding=\"async\" class=\"swiper-slide-image\" src=\"https:\/\/kmita.art.pl\/wp-content\/uploads\/2021\/11\/Zrzut-ekranu-2021-08-25-o-14.08.56-300x188.png\" alt=\"Zrzut ekranu 2021-08-25 o 14.08.56\" \/><\/figure><\/div><div class=\"swiper-slide\" role=\"group\" aria-roledescription=\"slide\" aria-label=\"9 of 16\"><figure class=\"swiper-slide-inner\"><img decoding=\"async\" class=\"swiper-slide-image\" src=\"https:\/\/kmita.art.pl\/wp-content\/uploads\/2021\/06\/Olek-sesja21-300x200.jpg\" alt=\"Olek-sesja21\" \/><\/figure><\/div><div class=\"swiper-slide\" role=\"group\" aria-roledescription=\"slide\" aria-label=\"10 of 16\"><figure class=\"swiper-slide-inner\"><img decoding=\"async\" class=\"swiper-slide-image\" src=\"https:\/\/kmita.art.pl\/wp-content\/uploads\/2021\/06\/Olek-sesja19-200x300.jpg\" alt=\"Olek-sesja19\" \/><\/figure><\/div><div class=\"swiper-slide\" role=\"group\" aria-roledescription=\"slide\" aria-label=\"11 of 16\"><figure class=\"swiper-slide-inner\"><img decoding=\"async\" class=\"swiper-slide-image\" src=\"https:\/\/kmita.art.pl\/wp-content\/uploads\/2021\/11\/Zrzut-ekranu-2021-08-25-o-14.08.56-1-300x188.png\" alt=\"Zrzut ekranu 2021-08-25 o 14.08.56\" \/><\/figure><\/div><div class=\"swiper-slide\" role=\"group\" aria-roledescription=\"slide\" aria-label=\"12 of 16\"><figure class=\"swiper-slide-inner\"><img decoding=\"async\" class=\"swiper-slide-image\" src=\"https:\/\/kmita.art.pl\/wp-content\/uploads\/2021\/06\/Olek-sesja11-200x300.jpg\" alt=\"Olek-sesja11\" \/><\/figure><\/div><div class=\"swiper-slide\" role=\"group\" aria-roledescription=\"slide\" aria-label=\"13 of 16\"><figure class=\"swiper-slide-inner\"><img decoding=\"async\" class=\"swiper-slide-image\" src=\"https:\/\/kmita.art.pl\/wp-content\/uploads\/2021\/06\/Olek-sesja15-200x300.jpg\" alt=\"Olek-sesja15\" \/><\/figure><\/div><div class=\"swiper-slide\" role=\"group\" aria-roledescription=\"slide\" aria-label=\"14 of 16\"><figure class=\"swiper-slide-inner\"><img decoding=\"async\" class=\"swiper-slide-image\" src=\"https:\/\/kmita.art.pl\/wp-content\/uploads\/2021\/11\/Zrzut-ekranu-2021-08-25-o-14.09.40-300x188.png\" alt=\"Zrzut ekranu 2021-08-25 o 14.09.40\" \/><\/figure><\/div><div class=\"swiper-slide\" role=\"group\" aria-roledescription=\"slide\" aria-label=\"15 of 16\"><figure class=\"swiper-slide-inner\"><img decoding=\"async\" class=\"swiper-slide-image\" src=\"https:\/\/kmita.art.pl\/wp-content\/uploads\/2021\/06\/Olek-sesja17-200x300.jpg\" alt=\"Olek-sesja17\" \/><\/figure><\/div><div class=\"swiper-slide\" role=\"group\" aria-roledescription=\"slide\" aria-label=\"16 of 16\"><figure class=\"swiper-slide-inner\"><img decoding=\"async\" class=\"swiper-slide-image\" src=\"https:\/\/kmita.art.pl\/wp-content\/uploads\/2021\/11\/Zrzut-ekranu-2021-08-25-o-14.08.15-300x188.png\" alt=\"Zrzut ekranu 2021-08-25 o 14.08.15\" \/><\/figure><\/div>\t\t\t<\/div>\n\t\t\t\t\t\t\t\t\t\t\t\t<div class=\"elementor-swiper-button elementor-swiper-button-prev\" role=\"button\" tabindex=\"0\">\n\t\t\t\t\t\t<i aria-hidden=\"true\" class=\"eicon-chevron-left\"><\/i>\t\t\t\t\t<\/div>\n\t\t\t\t\t<div class=\"elementor-swiper-button elementor-swiper-button-next\" role=\"button\" tabindex=\"0\">\n\t\t\t\t\t\t<i aria-hidden=\"true\" class=\"eicon-chevron-right\"><\/i>\t\t\t\t\t<\/div>\n\t\t\t\t\n\t\t\t\t\t\t\t\t\t<\/div>\n\t\t\t\t<\/div>\n\t\t\t\t<\/div>\n\t\t\t\t<div class=\"elementor-element elementor-element-3ef3e281 elementor-widget elementor-widget-text-editor\" data-id=\"3ef3e281\" data-element_type=\"widget\" data-widget_type=\"text-editor.default\">\n\t\t\t\t<div class=\"elementor-widget-container\">\n\t\t\t\t\t\t\t<h1>Wbijajcie na nasze wyst\u0119py!\u00a0 \u00a0 \u00a0 \u00a0 \u00a0602 332 119<\/h1>\t\t\t\t\t\t<\/div>\n\t\t\t\t<\/div>\n\t\t\t\t<div class=\"elementor-element elementor-element-276f5402 elementor-widget elementor-widget-image\" data-id=\"276f5402\" data-element_type=\"widget\" data-widget_type=\"image.default\">\n\t\t\t\t<div class=\"elementor-widget-container\">\n\t\t\t\t\t\t\t\t\t\t\t\t\t\t<a href=\"http:\/\/kmita.art.pl\">\n\t\t\t\t\t\t\t<img decoding=\"async\" width=\"1000\" height=\"126\" src=\"https:\/\/kmita.art.pl\/wp-content\/uploads\/2017\/07\/logo-1699890254.png\" class=\"attachment-large size-large wp-image-60\" alt=\"\" srcset=\"https:\/\/kmita.art.pl\/wp-content\/uploads\/2017\/07\/logo-1699890254.png 1000w, https:\/\/kmita.art.pl\/wp-content\/uploads\/2017\/07\/logo-1699890254-300x38.png 300w, https:\/\/kmita.art.pl\/wp-content\/uploads\/2017\/07\/logo-1699890254-768x97.png 768w\" sizes=\"(max-width: 1000px) 100vw, 1000px\" \/>\t\t\t\t\t\t\t\t<\/a>\n\t\t\t\t\t\t\t\t\t\t\t\t\t<\/div>\n\t\t\t\t<\/div>\n\t\t\t\t<div class=\"elementor-element elementor-element-58e520c7 elementor-widget-divider--view-line elementor-widget elementor-widget-divider\" data-id=\"58e520c7\" data-element_type=\"widget\" data-widget_type=\"divider.default\">\n\t\t\t\t<div class=\"elementor-widget-container\">\n\t\t\t\t\t<div class=\"elementor-divider\">\n\t\t\t<span class=\"elementor-divider-separator\">\n\t\t\t\t\t\t<\/span>\n\t\t<\/div>\n\t\t\t\t<\/div>\n\t\t\t\t<\/div>\n\t\t\t\t\t<\/div>\n\t\t<\/div>\n\t\t\t\t\t<\/div>\n\t\t<\/section>\n\t\t\t\t<\/div>\n\t\t","protected":false},"excerpt":{"rendered":"<p>POBIERZ PLAKAT \u00a0 Olek Talkowski \u2013 jedna z pere\u0142 formacji \u201eStand-up wed\u0142ug Kmity\u201d. M\u0142ody, nadpobudliwy, zdaniem lekarzy nie do ko\u0144ca zdiagnozowany. W brawurowej, obficie podlanej absurdami opowie\u015bci \u2013 oprowadzi was po swojej dzielni, po swoich przygodach z babeczkami i po swoich odpalonych refleksjach o \u015bwiecie. Jego zdaniem \u015bwiat jest nie\u017ale szurni\u0119ty i Olek ma na [&hellip;]<\/p>\n","protected":false},"author":1,"featured_media":0,"parent":0,"menu_order":0,"comment_status":"closed","ping_status":"closed","template":"elementor_header_footer","meta":{"footnotes":""},"class_list":["post-779","page","type-page","status-publish","hentry"],"_links":{"self":[{"href":"https:\/\/kmita.art.pl\/index.php\/wp-json\/wp\/v2\/pages\/779"}],"collection":[{"href":"https:\/\/kmita.art.pl\/index.php\/wp-json\/wp\/v2\/pages"}],"about":[{"href":"https:\/\/kmita.art.pl\/index.php\/wp-json\/wp\/v2\/types\/page"}],"author":[{"embeddable":true,"href":"https:\/\/kmita.art.pl\/index.php\/wp-json\/wp\/v2\/users\/1"}],"replies":[{"embeddable":true,"href":"https:\/\/kmita.art.pl\/index.php\/wp-json\/wp\/v2\/comments?post=779"}],"version-history":[{"count":328,"href":"https:\/\/kmita.art.pl\/index.php\/wp-json\/wp\/v2\/pages\/779\/revisions"}],"predecessor-version":[{"id":1397,"href":"https:\/\/kmita.art.pl\/index.php\/wp-json\/wp\/v2\/pages\/779\/revisions\/1397"}],"wp:attachment":[{"href":"https:\/\/kmita.art.pl\/index.php\/wp-json\/wp\/v2\/media?parent=779"}],"curies":[{"name":"wp","href":"https:\/\/api.w.org\/{rel}","templated":true}]}}