{"id":316,"date":"2021-06-09T20:26:15","date_gmt":"2021-06-09T18:26:15","guid":{"rendered":"http:\/\/kmita.art.pl\/?page_id=316"},"modified":"2026-01-26T20:49:59","modified_gmt":"2026-01-26T19:49:59","slug":"stand-up-wedlug-kmity","status":"publish","type":"page","link":"https:\/\/kmita.art.pl\/index.php\/stand-up-wedlug-kmity\/","title":{"rendered":"Stand-up wed\u0142ug Kmity"},"content":{"rendered":"\t\t<div data-elementor-type=\"wp-page\" data-elementor-id=\"316\" class=\"elementor elementor-316\">\n\t\t\t\t\t\t<section class=\"elementor-section elementor-top-section elementor-element elementor-element-addb02d elementor-section-boxed elementor-section-height-default elementor-section-height-default\" data-id=\"addb02d\" data-element_type=\"section\" data-settings=\"{&quot;background_background&quot;:&quot;classic&quot;}\">\n\t\t\t\t\t\t\t<div class=\"elementor-background-overlay\"><\/div>\n\t\t\t\t\t\t\t<div class=\"elementor-container elementor-column-gap-default\">\n\t\t\t\t\t<div class=\"elementor-column elementor-col-100 elementor-top-column elementor-element elementor-element-bde88b1\" data-id=\"bde88b1\" data-element_type=\"column\">\n\t\t\t<div class=\"elementor-widget-wrap elementor-element-populated\">\n\t\t\t\t\t\t<section class=\"elementor-section elementor-inner-section elementor-element elementor-element-5d124d5 elementor-section-boxed elementor-section-height-default elementor-section-height-default\" data-id=\"5d124d5\" data-element_type=\"section\">\n\t\t\t\t\t\t<div class=\"elementor-container elementor-column-gap-default\">\n\t\t\t\t\t<div class=\"elementor-column elementor-col-100 elementor-inner-column elementor-element elementor-element-231021e\" data-id=\"231021e\" data-element_type=\"column\" data-settings=\"{&quot;animation&quot;:&quot;none&quot;}\">\n\t\t\t<div class=\"elementor-widget-wrap elementor-element-populated\">\n\t\t\t\t\t\t<div class=\"elementor-element elementor-element-ab8345a elementor-widget__width-initial elementor-widget elementor-widget-image\" data-id=\"ab8345a\" data-element_type=\"widget\" data-widget_type=\"image.default\">\n\t\t\t\t<div class=\"elementor-widget-container\">\n\t\t\t\t\t\t\t\t\t\t\t\t\t<img decoding=\"async\" src=\"https:\/\/kmita.art.pl\/wp-content\/uploads\/2021\/07\/baner-klon.jpg\" title=\"baner-klon\" alt=\"baner-klon\" loading=\"lazy\" \/>\t\t\t\t\t\t\t\t\t\t\t\t\t<\/div>\n\t\t\t\t<\/div>\n\t\t\t\t<div class=\"elementor-element elementor-element-48db6a2 elementor-widget elementor-widget-text-editor\" data-id=\"48db6a2\" data-element_type=\"widget\" data-widget_type=\"text-editor.default\">\n\t\t\t\t<div class=\"elementor-widget-container\">\n\t\t\t\t\t\t\t<p><strong>\u00a0 \u00a0 Stand-up wed\u0142ug Kmity<\/strong>\u00a0\u2013 to grupa komik\u00f3w skupionych wok\u00f3\u0142 tek\u015bciarza i re\u017cysera Rafa\u0142a Kmity. Zasada jest prosta: Rafa\u0142 wymy\u015bla \u015bwiaty, anegdoty i wydarzenia, oni opowiadaj\u0105 to wszystko ze sceny. S\u0105 w r\u00f3\u017cnym wieku, maj\u0105 r\u00f3\u017cne temperamenty i r\u00f3\u017cne historie do opowiedzenia, ale \u0142\u0105czy ich jedno: roz\u015bmiesz\u0105 was do \u0142ez.<\/p><p>\u00a0 Stand-up wed\u0142ug Kmity konwencj\u0105 nawi\u0105zuje do aktorskiego nurtu stand-upu, kt\u00f3ry w Stanach uprawiali tacy komicy jak Robin Williams, Richard Pryor czy Eddie Murphy.<\/p><p>\u00a0<\/p><p style=\"text-align: center;\">* * *<\/p><p>\u00a0<\/p><p><strong>\u00a0 \u00a0 Stand-up wed\u0142ug Kmity.<\/strong>\u00a0Ch\u0142opak z osiedla, dziewczyna pe\u0142na mi\u0142o\u015bci, komik z wieloletnim sta\u017cem i wiele innych postaci, kt\u00f3re spotka\u0142y po drodze Rafa\u0142a. On z nimi pogada\u0142, wypi\u0142 herbat\u0119, a p\u00f3\u017aniej da\u0142 ka\u017cdemu mikrofon. Oni ruszyli dalej i je\u017cd\u017c\u0105 po ca\u0142ej Polsce. Ka\u017cdy m\u00f3wi co innego, ale pos\u0142ucha\u0107 warto ka\u017cdego z nich. Ka\u017cdy ma inne zdanie, ale ka\u017cdy ma racj\u0119.<\/p>\t\t\t\t\t\t<\/div>\n\t\t\t\t<\/div>\n\t\t\t\t\t<\/div>\n\t\t<\/div>\n\t\t\t\t\t<\/div>\n\t\t<\/section>\n\t\t\t\t<section class=\"elementor-section elementor-inner-section elementor-element elementor-element-e01be0f elementor-section-boxed elementor-section-height-default elementor-section-height-default\" data-id=\"e01be0f\" data-element_type=\"section\">\n\t\t\t\t\t\t<div class=\"elementor-container elementor-column-gap-default\">\n\t\t\t\t\t<div class=\"elementor-column elementor-col-50 elementor-inner-column elementor-element elementor-element-e939eed\" data-id=\"e939eed\" data-element_type=\"column\">\n\t\t\t<div class=\"elementor-widget-wrap elementor-element-populated\">\n\t\t\t\t\t\t<div class=\"elementor-element elementor-element-b608702 elementor-widget elementor-widget-image\" data-id=\"b608702\" data-element_type=\"widget\" data-widget_type=\"image.default\">\n\t\t\t\t<div class=\"elementor-widget-container\">\n\t\t\t\t\t\t\t\t\t\t<figure class=\"wp-caption\">\n\t\t\t\t\t\t\t\t\t\t\t<a href=\"http:\/\/kmita.art.pl\/index.php\/stand-up-piotrka\/\">\n\t\t\t\t\t\t\t<img fetchpriority=\"high\" decoding=\"async\" width=\"682\" height=\"1024\" src=\"https:\/\/kmita.art.pl\/wp-content\/uploads\/2021\/11\/Piotrek-Plakat-2.0-1-682x1024.jpg\" class=\"attachment-large size-large wp-image-689\" alt=\"\" srcset=\"https:\/\/kmita.art.pl\/wp-content\/uploads\/2021\/11\/Piotrek-Plakat-2.0-1-682x1024.jpg 682w, https:\/\/kmita.art.pl\/wp-content\/uploads\/2021\/11\/Piotrek-Plakat-2.0-1-200x300.jpg 200w, https:\/\/kmita.art.pl\/wp-content\/uploads\/2021\/11\/Piotrek-Plakat-2.0-1-768x1152.jpg 768w, https:\/\/kmita.art.pl\/wp-content\/uploads\/2021\/11\/Piotrek-Plakat-2.0-1.jpg 853w\" sizes=\"(max-width: 682px) 100vw, 682px\" \/>\t\t\t\t\t\t\t\t<\/a>\n\t\t\t\t\t\t\t\t\t\t\t<figcaption class=\"widget-image-caption wp-caption-text\">Kliknij, \u017ceby zobaczy\u0107 wi\u0119cej<\/figcaption>\n\t\t\t\t\t\t\t\t\t\t<\/figure>\n\t\t\t\t\t\t\t<\/div>\n\t\t\t\t<\/div>\n\t\t\t\t\t<\/div>\n\t\t<\/div>\n\t\t\t\t<div class=\"elementor-column elementor-col-50 elementor-inner-column elementor-element elementor-element-4c1aee8\" data-id=\"4c1aee8\" data-element_type=\"column\">\n\t\t\t<div class=\"elementor-widget-wrap elementor-element-populated\">\n\t\t\t\t\t\t<div class=\"elementor-element elementor-element-d337ad1 elementor-widget elementor-widget-image\" data-id=\"d337ad1\" data-element_type=\"widget\" data-widget_type=\"image.default\">\n\t\t\t\t<div class=\"elementor-widget-container\">\n\t\t\t\t\t\t\t\t\t\t<figure class=\"wp-caption\">\n\t\t\t\t\t\t\t\t\t\t\t<a href=\"http:\/\/kmita.art.pl\/index.php\/swiat-jest-pojechany-na-maksa-stand-up-olka-talkowskiego\/\">\n\t\t\t\t\t\t\t<img decoding=\"async\" width=\"683\" height=\"1024\" src=\"https:\/\/kmita.art.pl\/wp-content\/uploads\/2021\/07\/STANDUP-PLAKAT-4.0-683x1024.jpg\" class=\"attachment-large size-large wp-image-396\" alt=\"Plakat\" srcset=\"https:\/\/kmita.art.pl\/wp-content\/uploads\/2021\/07\/STANDUP-PLAKAT-4.0-683x1024.jpg 683w, https:\/\/kmita.art.pl\/wp-content\/uploads\/2021\/07\/STANDUP-PLAKAT-4.0-200x300.jpg 200w, https:\/\/kmita.art.pl\/wp-content\/uploads\/2021\/07\/STANDUP-PLAKAT-4.0-768x1152.jpg 768w, https:\/\/kmita.art.pl\/wp-content\/uploads\/2021\/07\/STANDUP-PLAKAT-4.0-1024x1536.jpg 1024w, https:\/\/kmita.art.pl\/wp-content\/uploads\/2021\/07\/STANDUP-PLAKAT-4.0.jpg 1200w\" sizes=\"(max-width: 683px) 100vw, 683px\" \/>\t\t\t\t\t\t\t\t<\/a>\n\t\t\t\t\t\t\t\t\t\t\t<figcaption class=\"widget-image-caption wp-caption-text\">Kliknij, \u017ceby zobaczy\u0107 wi\u0119cej<\/figcaption>\n\t\t\t\t\t\t\t\t\t\t<\/figure>\n\t\t\t\t\t\t\t<\/div>\n\t\t\t\t<\/div>\n\t\t\t\t\t<\/div>\n\t\t<\/div>\n\t\t\t\t\t<\/div>\n\t\t<\/section>\n\t\t\t\t<div class=\"elementor-element elementor-element-a606c94 elementor-widget elementor-widget-text-editor\" data-id=\"a606c94\" data-element_type=\"widget\" data-widget_type=\"text-editor.default\">\n\t\t\t\t<div class=\"elementor-widget-container\">\n\t\t\t\t\t\t\t<h1>Wpadnijcie na nasze wyst\u0119py!\u00a0 \u00a0 \u00a0 \u00a0 \u00a0602 332 119<\/h1>\t\t\t\t\t\t<\/div>\n\t\t\t\t<\/div>\n\t\t\t\t<div class=\"elementor-element elementor-element-51f7b50 elementor-widget elementor-widget-image\" data-id=\"51f7b50\" data-element_type=\"widget\" data-widget_type=\"image.default\">\n\t\t\t\t<div class=\"elementor-widget-container\">\n\t\t\t\t\t\t\t\t\t\t\t\t\t\t<a href=\"http:\/\/kmita.art.pl\">\n\t\t\t\t\t\t\t<img decoding=\"async\" width=\"1000\" height=\"126\" src=\"https:\/\/kmita.art.pl\/wp-content\/uploads\/2017\/07\/logo-1699890254.png\" class=\"attachment-large size-large wp-image-60\" alt=\"\" srcset=\"https:\/\/kmita.art.pl\/wp-content\/uploads\/2017\/07\/logo-1699890254.png 1000w, https:\/\/kmita.art.pl\/wp-content\/uploads\/2017\/07\/logo-1699890254-300x38.png 300w, https:\/\/kmita.art.pl\/wp-content\/uploads\/2017\/07\/logo-1699890254-768x97.png 768w\" sizes=\"(max-width: 1000px) 100vw, 1000px\" \/>\t\t\t\t\t\t\t\t<\/a>\n\t\t\t\t\t\t\t\t\t\t\t\t\t<\/div>\n\t\t\t\t<\/div>\n\t\t\t\t<div class=\"elementor-element elementor-element-479ba9c elementor-widget-divider--view-line elementor-widget elementor-widget-divider\" data-id=\"479ba9c\" data-element_type=\"widget\" data-widget_type=\"divider.default\">\n\t\t\t\t<div class=\"elementor-widget-container\">\n\t\t\t\t\t<div class=\"elementor-divider\">\n\t\t\t<span class=\"elementor-divider-separator\">\n\t\t\t\t\t\t<\/span>\n\t\t<\/div>\n\t\t\t\t<\/div>\n\t\t\t\t<\/div>\n\t\t\t\t\t<\/div>\n\t\t<\/div>\n\t\t\t\t\t<\/div>\n\t\t<\/section>\n\t\t\t\t<\/div>\n\t\t","protected":false},"excerpt":{"rendered":"<p>\u00a0 \u00a0 Stand-up wed\u0142ug Kmity\u00a0\u2013 to grupa komik\u00f3w skupionych wok\u00f3\u0142 tek\u015bciarza i re\u017cysera Rafa\u0142a Kmity. Zasada jest prosta: Rafa\u0142 wymy\u015bla \u015bwiaty, anegdoty i wydarzenia, oni opowiadaj\u0105 to wszystko ze sceny. S\u0105 w r\u00f3\u017cnym wieku, maj\u0105 r\u00f3\u017cne temperamenty i r\u00f3\u017cne historie do opowiedzenia, ale \u0142\u0105czy ich jedno: roz\u015bmiesz\u0105 was do \u0142ez. \u00a0 Stand-up wed\u0142ug Kmity konwencj\u0105 [&hellip;]<\/p>\n","protected":false},"author":2,"featured_media":0,"parent":0,"menu_order":0,"comment_status":"closed","ping_status":"closed","template":"elementor_header_footer","meta":{"footnotes":""},"class_list":["post-316","page","type-page","status-publish","hentry"],"_links":{"self":[{"href":"https:\/\/kmita.art.pl\/index.php\/wp-json\/wp\/v2\/pages\/316"}],"collection":[{"href":"https:\/\/kmita.art.pl\/index.php\/wp-json\/wp\/v2\/pages"}],"about":[{"href":"https:\/\/kmita.art.pl\/index.php\/wp-json\/wp\/v2\/types\/page"}],"author":[{"embeddable":true,"href":"https:\/\/kmita.art.pl\/index.php\/wp-json\/wp\/v2\/users\/2"}],"replies":[{"embeddable":true,"href":"https:\/\/kmita.art.pl\/index.php\/wp-json\/wp\/v2\/comments?post=316"}],"version-history":[{"count":303,"href":"https:\/\/kmita.art.pl\/index.php\/wp-json\/wp\/v2\/pages\/316\/revisions"}],"predecessor-version":[{"id":1406,"href":"https:\/\/kmita.art.pl\/index.php\/wp-json\/wp\/v2\/pages\/316\/revisions\/1406"}],"wp:attachment":[{"href":"https:\/\/kmita.art.pl\/index.php\/wp-json\/wp\/v2\/media?parent=316"}],"curies":[{"name":"wp","href":"https:\/\/api.w.org\/{rel}","templated":true}]}}