{"id":116,"date":"2017-07-11T13:47:41","date_gmt":"2017-07-11T11:47:41","guid":{"rendered":"http:\/\/kmita.art.pl\/?page_id=116"},"modified":"2017-08-02T22:52:20","modified_gmt":"2017-08-02T20:52:20","slug":"trzy-zdania-o-umieraniu","status":"publish","type":"page","link":"https:\/\/kmita.art.pl\/index.php\/spektakle\/trzy-zdania-o-umieraniu\/","title":{"rendered":"Trzy zdania o umieraniu"},"content":{"rendered":"<div id=\"post-6\" class=\"post\">\n<div class=\"entry\">\n<p><img decoding=\"async\" src=\"https:\/\/web.archive.org\/web\/20160402212850im_\/http:\/\/kmita.art.pl\/images\/trzyzdania_1.jpg\" alt=\"Trzy zdania o umieraniu - Piotr Plewa i Krzysztof Pluskota\" \/><\/p>\n<p><strong>Data premiery:<\/strong> 16 kwietnia 1994 roku<\/p>\n<p><strong>Sk\u0142ad aktorski: <\/strong>Grzegorz Kli\u015b, Arkadiusz Lipnicki, Dariusz Starczewski, Krzysztof Pluskota<\/p>\n<p><strong>Scenariusz i re\u017cyseria: <\/strong>Rafa\u0142 Kmita<\/p>\n<p><strong>Muzyka:<\/strong> Dariusz Sawicki<\/p>\n<p><strong>\u015acie\u017cka d\u017awi\u0119kowa:<\/strong> Marcin Nowakowski, Marek Wagner, Rafa\u0142 Kmita<\/p>\n<p><strong>Czas trwania:<\/strong> 70 minut<\/p>\n<p><strong>Wa\u017cniejsze wydarzenia:<\/strong><\/p>\n<ul>\n<li>Grand Prix \u2013 na festiwalu PaKa \u201994 (by\u0142o to pierwsze Grand Prix przyznane na PaCe po czteroletniej przerwie)<\/li>\n<li>Nagroda Publiczno\u015bci na PaCe \u201994<\/li>\n<li>Grand Prix i Z\u0142ota Szpilka na XV Biesiadach Satyry i Humoru w Lidzbarku Warmi\u0144skim w 1994 roku<\/li>\n<li>Udzia\u0142 fragment\u00f3w programu w \u201eKabaretonie\u201d podczas XXXI Festiwalu Polskiej Piosenki w Opolu<\/li>\n<li>Realizacja Telewizyjna dla II Programu TVP (data emisji 24 marca 1995 roku).<\/li>\n<\/ul>\n<p><strong>Dotychczasowa ilo\u015b\u0107 przedstawie\u0144:<\/strong> 115<br \/>\n<img decoding=\"async\" src=\"https:\/\/web.archive.org\/web\/20160402212850im_\/http:\/\/kmita.art.pl\/images\/3zdania3.jpg\" alt=\"Grzegorz Kli\u015b\" \/><\/p>\n<p>Znakomicie pomy\u015blany i perfekcyjnie opracowany program kabaretu Kmity zdoby\u0142 Grand Prix. Nagrody tej od kilku lat na PaCE nie przyznawano. \u201eTrzy zdania o umieraniu\u201d \u2013 to eksperyment z form\u0105 i tre\u015bci\u0105. Arty\u015bci zdaj\u0105 si\u0119 sprawdza\u0107 swoje mo\u017cliwo\u015bci i poczucie humoru widowni. Wy\u015bcigi paj\u0105k\u00f3w, stypa, wisielczy pokaz mody, transmisja ze wskrzeszenia \u0141azarza, lista przeboj\u00f3w seryjnych morderc\u00f3w \u2013 to tylko niekt\u00f3re z szokuj\u0105cych pomys\u0142\u00f3w Kmity. Jury by\u0142o jednomy\u015blne, a publiczno\u015b\u0107 potwierdzi\u0142a werdykt owacj\u0105, przecz\u0105c w ten spos\u00f3b opiniom o swoim rzekomym zami\u0142owaniu do bana\u0142u.<\/p>\n<p style=\"text-align: right;\">Gazeta Krakowska, 23 IV 1994<\/p>\n<p><img decoding=\"async\" src=\"https:\/\/web.archive.org\/web\/20160402212850im_\/http:\/\/kmita.art.pl\/images\/3zdania9.jpg\" alt=\"D.Starczewski\" \/><\/p>\n<p>(\u2026) Czterdziestopi\u0119ciominutowy spektakl zaproponowany w tym roku przez \u201eQuasi \u2013 Kabaret Rafa\u0142a Kmity\u201d niemal powali\u0142 na kolana i publiczno\u015b\u0107, i wymagaj\u0105cych juror\u00f3w (m.in. Andrzej Drawicz, Andrzej Mleczko, Jan J\u00f3zef Szczepa\u0144ski), kt\u00f3rzy po raz pierwszy od lat przyznali \u201eGrand Prix\u201d. \u201eTrzy zdania o umieraniu\u201d to pe\u0142na gag\u00f3w, celnych puent, wizualnych i d\u017awi\u0119kowych efekt\u00f3w kabaretowa opowie\u015b\u0107 o \u015bmierci. Ogl\u0105damy m.in. pokaz mody szubienicznej \u201eP\u0119tla\u201994\u201d, lansuj\u0105cy sznury pod has\u0142em \u201eDla ka\u017cdego co\u015b dusznego\u201d (\u2026).<\/p>\n<p style=\"text-align: right;\">Trybuna, 4 V 1994<\/p>\n<p><img decoding=\"async\" class=\"alignleft\" src=\"https:\/\/web.archive.org\/web\/20160402212850im_\/http:\/\/kmita.art.pl\/images\/3zdania7.jpg\" alt=\"A.Lipnicki\" \/>\u201eTrzy zdania o umieraniu\u201d (Grand Prix PaKI\u201994) to ponura, przesycona czarnym, wisielczym humorem impresja na temat tragicznej egzystencjalnie sytuacji cz\u0142owieka. Kmita stosuje poci\u0105gni\u0119cia rodem z teatru absurdu, ale tak\u017ce musicalu i innych form teatralnych (\u2026).<\/p>\n<p style=\"text-align: right;\">Czas Kultury, nr 3\/1996<\/p>\n<p>(\u2026) \u201eQuasi \u2013 Kabaret\u2026\u201d przedstawi\u0142 \u201eTrzy zdania o umieraniu\u201d, program konsekwentnie zbudowany wok\u00f3\u0142 przewrotnie, zgodnie z regu\u0142ami czarnego humoru traktowanej \u015bmierci (\u2026). Jest to forma bardzo bliska teatrowi. Miniatury sceniczne maj\u0105 ten sam nastr\u00f3j, oscyluj\u0105 wok\u00f3\u0142 tej samej og\u00f3lnej tematyki, sumuj\u0105 si\u0119 w pewn\u0105 zwart\u0105 w sensie ideowym ca\u0142o\u015b\u0107. Dzi\u0119ki r\u00f3\u017cnorodno\u015bci wykorzystanych pomys\u0142\u00f3w realizacyjnych powstaj\u0105 najlepsze sceny spektaklu: monolog duszy i zmagania z \u0141azarzem. W pierwszej z nich z u\u015bmierconego cia\u0142a wydobywa si\u0119 dusza. Le\u017c\u0105cy aktor si\u0119ga tu do warsztatu teatru lalkowego \u2013 animuje w\u0142asn\u0105 r\u0119k\u0119. Natomiast \u201eWskrzeszenie \u0141azarza\u201d jest wyre\u017cyserowane na pojedynek wrestlingu czy boksu: mocarny zapa\u015bnik w czarnym stroju przygotowuje si\u0119 do walki. S\u0119dzia czujnie obserwuje ka\u017cdy jego krok. Spoza sceny dobiega g\u0142os komentatora sportowego. Nast\u0119puje pierwsze starcie: mocarz nakazuje \u0141azarzowi wsta\u0107. Zw\u0142oki przykryte prze\u015bcierad\u0142em ani drgn\u0105\u2026<\/p>\n<p>\u201eQuasi \u2013 Kabaret\u2026\u201d to \u015bwie\u017ce pomys\u0142y ubrane w przemy\u015blan\u0105 i konsekwentn\u0105 dramaturgi\u0119. To r\u00f3wnie\u017c bardzo dobre aktorstwo \u2013 rzetelny warsztat Arka Lipnickiego, Grzegorza Klisia i Darka Starczewskiego, wsparty naturalnym, spontanicznym talentem Bartosza Brzeskota (\u2026).<\/p>\n<p style=\"text-align: right;\">Gazeta w Cz\u0119stochowie, 28 IV 1994<\/p>\n<p>Stypa z udzia\u0142em zmar\u0142ego?! Pokaz wisielczej mody?! Transmisja ze wskrzeszenia \u0141azarza?! Bez obaw \u2013 to nie makabryczny sen. Rzecz dzieje si\u0119 naprawd\u0119, na\u2026 scenie. W kabarecie. Dok\u0142adniej \u2013 w \u201eQuasi \u2013 Kabarecie Rafa\u0142a Kmity\u201d. (\u2026) Trzeba odwagi m\u0142odo\u015bci, by o \u015bmierci m\u00f3wi\u0107 tak \u015bmia\u0142o. Jest w \u201eQuasi \u2013 Kabarecie Rafa\u0142a Kmity\u201d co\u015b z Woody Allena, co\u015b z niegdysiejszego \u201eDreszcz\u00f3w iska\u201d M\u0142ynarskiego i Zembatego. \u015awiat sprowadzony jest tutaj do absurdu. W dodatku aktorsko ukazany absolutnie m\u0142odzie\u0144czo, brawurowo (\u2026).<\/p>\n<p style=\"text-align: right;\">Super Ekspress, 21 XI 1995<\/p>\n<p>(\u2026) Niedo\u015bcignion\u0105 gwiazd\u0105 czwartkowego, otwieraj\u0105cego \u201eBiesiady\u201d wieczoru, okaza\u0142 si\u0119 \u201eQuasi-Kabaret Rafa\u0142a Kmity\u201d. Laureat \u201eZ\u0142otej Szpilki\u201d, laureat krakowskiej \u201ePaKI\u201d \u2013 w dalszym ci\u0105gu w znakomitej formie, mimo i\u017c do Lidzbarka przyjecha\u0142 w sk\u0142adzie zmniejszonym o dw\u00f3ch wykonawc\u00f3w, kt\u00f3rym wypad\u0142o zdawa\u0107 w tych dniach egzamin w krakowskiej szkole teatralnej. Co poziom jednak, to poziom. Publiczno\u015b\u0107 d\u0142ugo oklaskiwa\u0142a kolejne \u201eczarne\u201d numery przypomnianego przez krakowsk\u0105 grup\u0119 programu, \u201eTrzy zdania o umieraniu\u201d. Spektakl pe\u0142en absurdalnych dowcip\u00f3w w rodzaju \u201eLudzie umieraj\u0105 na ka\u017cdym kroku. Przesta\u0144my wi\u0119c wreszcie chodzi\u0107!\u201d ko\u0144czy ch\u00f3rek dandys\u00f3w \u2013 rewelers\u00f3w w cylindrach i z laseczkami, \u015bpiewaj\u0105cych finalow piosenk\u0119 pt. \u201eNiech \u017cyje \u015bmier\u0107!\u201d.<\/p>\n<p style=\"text-align: right;\">Gazeta Warmii i Mazur, 8 VI 1996<\/p>\n<p><img decoding=\"async\" src=\"https:\/\/web.archive.org\/web\/20160402212850im_\/http:\/\/kmita.art.pl\/images\/3zdania1.jpg\" alt=\"G.Kli\u015b\" \/><\/p>\n<p>\u201eTrzy zdania o umieraniu\u201d \u201eQuasi \u2013 Kabaretu Rafa\u0142a Kmity\u201d to znakomita pr\u00f3ba poigrania z tym, z czym si\u0119 normalnie nie igra, czego nie wolno tk\u0105n\u0107, co Jest zakazane, co stanowi tabu. Wobec \u015bmierci jeste\u015bmy tch\u00f3rzliwi, potulni i bezradni. Wiemy, \u017ce jest to smutna konieczno\u015b\u0107, a zatem obchodzimy si\u0119 ze \u015bmierci\u0105 \u0142agodnie i z szacunkiem, nie dra\u017cnimy jej, nie gramy jej na nosie \u2013 to nie wypada. Wszystko wprost przeciwnie w \u201eTrzech zdaniach o umieraniu\u201d. Kabaret Rafa\u0142a Kmity idzie wspania\u0142\u0105 szar\u017c\u0105 na motywy \u015bmierci, kpi sobie z niej, parodiuje rozmaite sytuacje z ni\u0105 zwi\u0105zane, przedrze\u017ania j\u0105 \u2013 oczywi\u015bcie w spos\u00f3b umowny, z odpowiednim dystansem \u2013 tak jak kabaret powinien to robi\u0107. Jest to. zar\u0119czam Pa\u0144stwu, du\u017ce wra\u017cenie. (\u2026) Bo przecie\u017c od czasu do czasu wolno nam chcie\u0107 si\u0119 odku\u0107 na \u015bmierci, wzi\u0105\u0107 odwet na tym, co nas przyt\u0142acza. ogranicza, sp\u0142aszcza, co nas niewoli. Czasem mamy potrzeb\u0119 pokazania naszej intelektualnej niezale\u017cno\u015bci i psychologicznej wolno\u015bci jak ci francuscy skaza\u0144cy, kt\u00f3rzy \u017cartowali, wchodz\u0105c na szafot. (\u2026) My\u015bmy \u2013 czyli jurorzy X Paki byli tym spektaklem zachwyceni. Jednog\u0142o\u015bnie doszli\u015bmy do wniosku, \u017ce ci m\u0142odzi ludzie poszli przebojem, odwa\u017cnie i \u017ce dali nam mas\u0119 kapitalnych wra\u017ce\u0144. Ja to prze\u017cy\u0142em jako odkrycie. Ze szczerym przekonaniem mog\u0119 stwierdzi\u0107, \u017ce jest to jedno z najciekawszych zjawisk kabaretowych, jakie uda\u0142o mi si\u0119 widzie\u0107.<\/p>\n<p style=\"text-align: right;\">Andrzej Drawicz<\/p>\n<\/div>\n<\/div>\n","protected":false},"excerpt":{"rendered":"<p>Data premiery: 16 kwietnia 1994 roku Sk\u0142ad aktorski: Grzegorz Kli\u015b, Arkadiusz Lipnicki, Dariusz Starczewski, Krzysztof Pluskota Scenariusz i re\u017cyseria: Rafa\u0142 Kmita Muzyka: Dariusz Sawicki \u015acie\u017cka d\u017awi\u0119kowa: Marcin Nowakowski, Marek Wagner, Rafa\u0142 Kmita Czas trwania: 70 minut Wa\u017cniejsze wydarzenia: Grand Prix \u2013 na festiwalu PaKa \u201994 (by\u0142o to pierwsze Grand Prix przyznane na PaCe po czteroletniej [&hellip;]<\/p>\n","protected":false},"author":2,"featured_media":0,"parent":13,"menu_order":7,"comment_status":"closed","ping_status":"closed","template":"","meta":{"footnotes":""},"class_list":["post-116","page","type-page","status-publish","hentry"],"_links":{"self":[{"href":"https:\/\/kmita.art.pl\/index.php\/wp-json\/wp\/v2\/pages\/116"}],"collection":[{"href":"https:\/\/kmita.art.pl\/index.php\/wp-json\/wp\/v2\/pages"}],"about":[{"href":"https:\/\/kmita.art.pl\/index.php\/wp-json\/wp\/v2\/types\/page"}],"author":[{"embeddable":true,"href":"https:\/\/kmita.art.pl\/index.php\/wp-json\/wp\/v2\/users\/2"}],"replies":[{"embeddable":true,"href":"https:\/\/kmita.art.pl\/index.php\/wp-json\/wp\/v2\/comments?post=116"}],"version-history":[{"count":5,"href":"https:\/\/kmita.art.pl\/index.php\/wp-json\/wp\/v2\/pages\/116\/revisions"}],"predecessor-version":[{"id":221,"href":"https:\/\/kmita.art.pl\/index.php\/wp-json\/wp\/v2\/pages\/116\/revisions\/221"}],"up":[{"embeddable":true,"href":"https:\/\/kmita.art.pl\/index.php\/wp-json\/wp\/v2\/pages\/13"}],"wp:attachment":[{"href":"https:\/\/kmita.art.pl\/index.php\/wp-json\/wp\/v2\/media?parent=116"}],"curies":[{"name":"wp","href":"https:\/\/api.w.org\/{rel}","templated":true}]}}