{"id":112,"date":"2017-07-11T13:38:23","date_gmt":"2017-07-11T11:38:23","guid":{"rendered":"http:\/\/kmita.art.pl\/?page_id=112"},"modified":"2017-08-02T23:02:10","modified_gmt":"2017-08-02T21:02:10","slug":"112-2","status":"publish","type":"page","link":"https:\/\/kmita.art.pl\/index.php\/spektakle\/112-2\/","title":{"rendered":"Ca-sting"},"content":{"rendered":"<div id=\"post-12\" class=\"post\">\n<div class=\"entry\">\n<p><img decoding=\"async\" src=\"https:\/\/web.archive.org\/web\/20160406230758im_\/http:\/\/kmita.art.pl\/images\/casting_2.jpg\" alt=\"Ca-sting\" \/><\/p>\n<p><strong>Obsada:<\/strong><\/p>\n<ul>\n<li>Sonia Bohosiewicz \/ Ewelina Starejki<\/li>\n<li>Feliks Szajnert \/ Zbigniew Kosowski<\/li>\n<li>Zbigniew Kaleta \/ Dariusz Starczewski<\/li>\n<li>Tomasz Kot \/ Krzysztof Pluskota<\/li>\n<li>Marcin Kobierski \/ Marcin Tyrol<\/li>\n<\/ul>\n<p><strong>Dotychczasowa ilo\u015b\u0107 przedstawie\u0144:<\/strong> 136<\/p>\n<p>(\u2026) Tego te\u017c dnia w Teatrze STU \u2013 \u201eCa-sting\u201d, komedia Rafa\u0142a Kmity z \u201eDziennikiem Polskim\u201d w roli wiod\u0105cej, kt\u00f3r\u0105 to dosta\u0142 bez castingu, po wiem wprost \u2013 po znajomo\u015bci dosta\u0142, a zreszt\u0105 to si\u0119 \u201eDziennikowi\u201d nale\u017ca\u0142o. W ko\u0144cu trudno, by tak powa\u017cn\u0105 rol\u0119 gra\u0142a jaka\u015b niepowa\u017cna gazeta, typu\u2026 Nie, nie, nikomu reklamy nie zrobi\u0119. Chwali\u0107 \u201eDziennika\u201d mi nie wypada, niemniej z dum\u0105 patrzy\u0142em, jak posuwa \u2013 za przeproszeniem \u2013 akcj\u0119 do przodu, jak bohatersko walczy o palm\u0119 pierwsze\u0144stwa ze znakomit\u0105 Soni\u0105 Bohosiewicz, acz, powiedzmy szczerze, ma taki power, \u017ce \u201eDziennikowi\u201d, ponad 50-latkowi, wiem co\u015b o tym, wygra\u0107 nie spos\u00f3b. Ale polec w starciu z takim scenicznym dynamitem to mo\u017ce nawet te\u017c przyjemno\u015b\u0107? Sztuka, jak to u Rafa\u0142a Kmity, inteligentna, b\u0142yskotliwa, \u015bwiadcz\u0105ca o \u015bwietnym s\u0142uchu j\u0119zykowym autora, jak i wyczuciu sceny. \u015amiejemy si\u0119, acz z ka\u017cd\u0105 chwil\u0105 \u015bmiech to bardziej gorzki, bo cho\u0107 rzecz o aktorach czy raczej aktorusach-szmirusach, to przecie\u017c przegl\u0105daj\u0105 si\u0119 oni w nas jak w lustrze, bo, powiedzmy to szczerze, dzi\u0119ki nam \u017cyj\u0105 tacy jak Czaru\u015b (\u015bwietny Tomasz Kot) czy pan Leon (jak\u017ce prawdziwie znakomity Feliks Szajnert, taki z\u0142achany, wida\u0107, \u017ce wdzianko cz\u0119sto zak\u0142adane na \u201eSpotkania z ballad\u0105\u201d). Gogolowskie z kogo si\u0119 \u015bmiejecie\u2026? \u2013 te\u017c jeszcze daje zna\u0107 o sobie, jak to u Rafa\u0142a Kmity, tw\u00f3rcy zafascynowanego literatur\u0105 XIX-wiecznej Rosji. Polecam!<\/p>\n<p style=\"text-align: center;\">\u00a0\u00a0\u00a0\u00a0\u00a0\u00a0\u00a0\u00a0\u00a0\u00a0\u00a0\u00a0\u00a0\u00a0\u00a0\u00a0\u00a0\u00a0\u00a0 \u00a0 \u00a0 \u00a0 \u00a0 \u00a0 \u00a0 \u00a0 \u00a0 \u00a0 \u00a0 \u00a0 \u00a0 \u00a0 \u00a0 \u00a0 \u00a0 \u00a0 \u00a0 \u00a0 \u00a0 \u00a0 \u00a0 \u00a0 \u00a0 \u00a0 \u00a0 \u00a0 \u00a0 \u00a0 \u00a0 \u00a0 \u00a0 \u00a0 \u00a0 \u00a0 \u00a0 \u00a0 \u00a0 \u00a0 \u00a0 \u00a0 \u00a0 \u00a0 \u00a0 \u00a0 \u00a0 \u00a0 \u00a0 \u00a0 \u00a0 \u00a0 \u00a0 \u00a0 \u00a0 \u00a0 \u00a0 \u00a0 \u00a0 \u00a0 \u00a0\u00a0 Dziennik Polski<\/p>\n<p><img decoding=\"async\" src=\"https:\/\/web.archive.org\/web\/20160406230758im_\/http:\/\/kmita.art.pl\/images\/casting_1.jpg\" alt=\"Ca-sting - Sonia Bohosiewicz i Dariusz Starczewski\" \/><\/p>\n<p><strong>SCENA STU. \u201eCa-sting\u201d<\/strong><\/p>\n<p><strong>O graniu, czyli o \u017cyciu<\/strong><\/p>\n<p>Wsp\u00f3\u0142czesna polska komedia, \u015bmieszna a nieg\u0142upia, napisana z niew\u0105tpliwym wyczuciem dramatyzmu, zagrana i wyre\u017cyserowana z talentem to du\u017ca rzadko\u015b\u0107. Dokona\u0142 tego Rafa\u0142 Kmita, autor i re\u017cyser \u201eCa-stingu\u201d<\/p>\n<p>(\u2026) Og\u0142oszono casting. Kolejno pojawiaj\u0105 si\u0119: seksowna dziewczyna, przyklejony do kom\u00f3rki chamowaty m\u0142odzieniec, powa\u017cny w garniturze, wiecznie u\u015bmiechni\u0119ty kretyn-oportunista, starszawy kabotyn. S\u0105 sami: nie zjawia si\u0119 nikt z organizator\u00f3w castingu, a i publiczno\u015bci jakby nie by\u0142o. Aktorzy przegl\u0105daj\u0105 si\u0119, stroj\u0105 miny, sprawdzaj\u0105 u\u015bmiech w (wyimaginowanych) lustrach, otaczaj\u0105cych scen\u0119. Ten pomys\u0142 b\u0119dzie mia\u0142 w finale dramaturgiczne konsekwencje. Tak\u017ce dla widowni. Na razie aktorzy czekaj\u0105. Z rozm\u00f3w wy\u0142ania si\u0119 do\u015b\u0107 przera\u017caj\u0105cy obraz ich pracy, zainteresowa\u0144 i horyzont\u00f3w my\u015blowych. Graj\u0105 w reklamach, sitcomach, obs\u0142uguj\u0105 promocje. Przebra\u0107 si\u0119 za baton, marchew czy dystrybutor to dla nich pestka, co wi\u0119cey \u2013 do tego d\u0105\u017c\u0105 i z tego s\u0105 dumni. (\u2026)<\/p>\n<p>Zagraj\u0105 wszystko, bo przecie\u017c s\u0105 profesjonalistami, jak m\u00f3wi\u0105 z dum\u0105, no i takie s\u0105 regu\u0142y i realia \u2013 jak podkre\u015blaj\u0105 z poczuciem \u017cyciowej m\u0105dro\u015bci. (\u2026)<\/p>\n<p>Schematyczne i \u0142atwe wy\u015bmiewanie si\u0119 z powszechnej bylejako\u015bci? Owszem, by\u0142oby tak, gdyby Kmita \u2013 re\u017cyser celebrowa\u0142 z powag\u0105 s\u0142owa Kmity-autora. Ale nie pozwala na to ani sobie, ani aktorom, ani widzom. Udaje mu si\u0119 trudna sztuka zbudowania na scenie takiej rzeczywisto\u015bci, kt\u00f3ra wci\u0105ga, zajmuje i \u015bmieszy zarazem.<\/p>\n<p>\u201eCa-sting\u201d ma tempo, energi\u0119 i tzw. szwung. Przekonuj\u0105ce jest nawet przechodzenie od tonu buffo do serio. Gdy widownia s\u0105dzi, \u017ce (skoro przedstawiono jej i scharakteryzowano bohater\u00f3w) znajduje si\u0119 na znajomym gruncie, Kmita go zmienia. Ze schematycznych i oswojonych zdawa\u0142oby si\u0119 postaci wy\u0142azi nagle co\u015b innego\u2026 Nie powiem co, bo przyjemno\u015b\u0107 ogl\u0105dania tego spektaklu polega r\u00f3wnie\u017c na zaskoczeniu.<\/p>\n<p style=\"text-align: right;\">Gazeta Wyborcza<\/p>\n<\/div>\n<\/div>\n","protected":false},"excerpt":{"rendered":"<p>Obsada: Sonia Bohosiewicz \/ Ewelina Starejki Feliks Szajnert \/ Zbigniew Kosowski Zbigniew Kaleta \/ Dariusz Starczewski Tomasz Kot \/ Krzysztof Pluskota Marcin Kobierski \/ Marcin Tyrol Dotychczasowa ilo\u015b\u0107 przedstawie\u0144: 136 (\u2026) Tego te\u017c dnia w Teatrze STU \u2013 \u201eCa-sting\u201d, komedia Rafa\u0142a Kmity z \u201eDziennikiem Polskim\u201d w roli wiod\u0105cej, kt\u00f3r\u0105 to dosta\u0142 bez castingu, po wiem [&hellip;]<\/p>\n","protected":false},"author":2,"featured_media":0,"parent":13,"menu_order":5,"comment_status":"closed","ping_status":"closed","template":"","meta":{"footnotes":""},"class_list":["post-112","page","type-page","status-publish","hentry"],"_links":{"self":[{"href":"https:\/\/kmita.art.pl\/index.php\/wp-json\/wp\/v2\/pages\/112"}],"collection":[{"href":"https:\/\/kmita.art.pl\/index.php\/wp-json\/wp\/v2\/pages"}],"about":[{"href":"https:\/\/kmita.art.pl\/index.php\/wp-json\/wp\/v2\/types\/page"}],"author":[{"embeddable":true,"href":"https:\/\/kmita.art.pl\/index.php\/wp-json\/wp\/v2\/users\/2"}],"replies":[{"embeddable":true,"href":"https:\/\/kmita.art.pl\/index.php\/wp-json\/wp\/v2\/comments?post=112"}],"version-history":[{"count":5,"href":"https:\/\/kmita.art.pl\/index.php\/wp-json\/wp\/v2\/pages\/112\/revisions"}],"predecessor-version":[{"id":225,"href":"https:\/\/kmita.art.pl\/index.php\/wp-json\/wp\/v2\/pages\/112\/revisions\/225"}],"up":[{"embeddable":true,"href":"https:\/\/kmita.art.pl\/index.php\/wp-json\/wp\/v2\/pages\/13"}],"wp:attachment":[{"href":"https:\/\/kmita.art.pl\/index.php\/wp-json\/wp\/v2\/media?parent=112"}],"curies":[{"name":"wp","href":"https:\/\/api.w.org\/{rel}","templated":true}]}}