{"id":107,"date":"2017-07-11T13:16:04","date_gmt":"2017-07-11T11:16:04","guid":{"rendered":"http:\/\/kmita.art.pl\/?page_id=107"},"modified":"2017-08-02T23:08:55","modified_gmt":"2017-08-02T21:08:55","slug":"dosc-dobry-wyrob-kabaretopodobny","status":"publish","type":"page","link":"https:\/\/kmita.art.pl\/index.php\/spektakle\/dosc-dobry-wyrob-kabaretopodobny\/","title":{"rendered":"DO\u015a\u0106!\u2026 dobry wyr\u00f3b kabaretopodobny"},"content":{"rendered":"<div class=\"entry\">\n<p><img decoding=\"async\" class=\"alignleft\" src=\"https:\/\/web.archive.org\/web\/20160408042215im_\/http:\/\/kmita.art.pl\/images\/dosc-plm.jpg\" alt=\"Do\u015b\u0107!\" \/><\/p>\n<p><strong>DO\u015a\u0106!\u2026<\/strong> to pierwsza cz\u0119\u015b\u0107 tryptyku naznaczona kolorem czerwonym, wi\u0119c nie b\u0119dzie \u0142agodnie! Program to collage najbardziej aktualnych skecz\u00f3w i piosenek o tematyce spo\u0142ecznej i obyczajowej. Czyli, uwaga! Kmita zn\u00f3w zagl\u0105da do naszych dom\u00f3w, kuchni i salon\u00f3w, a tak\u017ce do urz\u0119d\u00f3w i do parlamentu. Odrobina dystansu do codzienno\u015bci wsp\u00f3\u0142czesnego Polaka w przypadku Rafa\u0142a Kmity mo\u017ce zaowocowa\u0107 jak zawsze inteligentnym, aczkolwiek ostro przyprawionym humorem, kt\u00f3rym raczy\u0107 nas b\u0119d\u0105 jego aktorzy.<\/p>\n<p>&nbsp;<\/p>\n<p><strong>Obsada:<\/strong> Oksana Pryjmak, Zuzanna Skolias, Katarzyna Chlebny, Grzegorz Kli\u015b, Arkadiusz Lipnicki, Piotr Plewa, Krzysztof Pluskota, Dariusz Starczewski, Jacek Stefanik, Karol Wolski<\/p>\n<p><strong>Autor i re\u017cyser: <\/strong>Rafa\u0142 Kmita<\/p>\n<p><strong>Muzyka: <\/strong>Boles\u0142aw Rawski<\/p>\n<p><strong>Ruch sceniczny: <\/strong>Jaros\u0142aw Staniek<\/p>\n<p>Dotychczasowa ilo\u015b\u0107 przedstawie\u0144 \u2013 131<\/p>\n<p><img decoding=\"async\" src=\"https:\/\/web.archive.org\/web\/20160408042215im_\/http:\/\/kmita.art.pl\/images\/dosc_1.jpg\" alt=\"Do\u015b\u0107!\" \/><\/p>\n<p>(\u2026) Kmita dobiera si\u0119 do naszej codzienno\u015bci, od tej najzwyczajniejszej strony \u2013 z alkowy i pokoju telewizyjnego, gdzie rado\u015bnie up\u0142ywa czas na klikaniu i komentowaniu tego, co miga na ekranie, po wcale ci\u0119te baty dla polityki (\u2026)<\/p>\n<p>Jednak nie tylko akcenty, jak\u017ce bliskie ka\u017cdemu, kto nie mo\u017ce oboj\u0119tnie traktowa\u0107 popis\u00f3w ksenofobii, antysemityzmu i wszelkiego rodzaju schamienia, to pow\u00f3d, dla kt\u00f3rego kochamy Grup\u0119 Rafa\u0142a Kmity. Kochamy j\u0105 za b\u0142yskotliwe poczucie humoru, wy\u0142\u0105czenie autocenzury i warsztatow\u0105 bieg\u0142o\u015b\u0107 (\u2026)<\/p>\n<p><img decoding=\"async\" class=\"alignleft\" src=\"https:\/\/web.archive.org\/web\/20160408042215im_\/http:\/\/kmita.art.pl\/images\/heroes.jpg\" alt=\"Heroes\" \/><\/p>\n<p>Zdolno\u015b\u0107 przeistaczania w r\u00f3\u017cne charakterystyczne postacie, \u015bwietne tempo, zespo\u0142owo\u015b\u0107 to atuty Grupy, kt\u00f3rej walory w ca\u0142ej pe\u0142ni rozkwitaj\u0105 w skeczu po\u015bwi\u0119conemu radiu. Oto b\u0142\u0105dz\u0105c po stacjach radiowych, aktor prowadz\u0105cy scenk\u0119 sprawia, \u017ce surfujemy z nim na falach eteru, a pozostali cz\u0142onkowie Grupy przywo\u0142uj\u0105 przed uszy (i oczy) ulubione i nieulubione g\u0142osy, typowe komunikaty, stereotypowe teksty i schematyczne intonacje, kt\u00f3re pozwalaj\u0105 natychmiast rozpoznawa\u0107 proweniencj\u0119 ideow\u0105, kulturow\u0105 i spo\u0142eczn\u0105 tej lub innej stacji. Ten skecz to popis warsztatowy o najwy\u017cszym stopniu trudno\u015bci (\u2026)<\/p>\n<p>Aktorzy Kmity bisowali trzykrotnie, zostali przyj\u0119ci owacyjnie i z niejakim zdumieniem, \u017ce w czasach zapa\u015bci kabaretu mo\u017cna jednak tworzy\u0107 programy nie tylko z sensem, ale i na poziomie\u2026<\/p>\n<p style=\"text-align: right;\">Tomasz Mi\u0142kowski, \u201ePrzegl\u0105d\u201d, 24 maja 2009<\/p>\n<p>(\u2026) Pod\u0105\u017caj\u0105c od dawna w stron\u0119 teatru, eliminuj\u0105c z nazwy, wbrew og\u00f3lnej tendencji, s\u0142owo kabaret, bo chcia\u0142 dystansowa\u0107 si\u0119 od tego, co obserwowa\u0142 na polskiej estradzie -Kmita zaoferowa\u0142 obecnie program zatytu\u0142owany \u201eDo\u015b\u0107!\u2026 dobry wyr\u00f3b kabaretopodobny\u201d. Nazwa\u0142 go przewrotnie \u201eDo\u015b\u0107\u2026 dobry\u201d. Niezwykle przewrotnie, bo program jest znakomity. I ostry. (\u2026)<\/p>\n<p style=\"text-align: right;\">Wac\u0142aw Krupi\u0144ski, \u201eDziennik Polski\u201d, 30 kwietnia 2009<\/p>\n<p><img decoding=\"async\" src=\"https:\/\/web.archive.org\/web\/20160408042215im_\/http:\/\/kmita.art.pl\/images\/dosc_3.jpg\" alt=\"Do\u015b\u0107!\" \/><\/p>\n<p>(\u2026) Lisa Minnelli wy\u0142uszcza\u0142a w s\u0142ynnym filmie, \u017ce to samo \u017cycie jest kabaretem. Ale sztuk\u0105 jest to \u017cycie (w formie kabaretu) pokaza\u0107. Grupa Kmity sztuk\u0119 ow\u0105 posiad\u0142a ju\u017c dawno. I umiej\u0119tno\u015b\u0107 t\u0119 konsekwentnie posiada nadal. S\u0105 kabarety do kitu i s\u0105 do Kmity!. R\u00f3\u017cnic\u0119 \u2013 przy pierwszej nadarzaj\u0105cej si\u0119 okazji \u2013 wyczujecie Pa\u0144stwo sami.<\/p>\n<p>Bo nie wystarczy przyg\u0142upem by\u0107 czy przyg\u0142upa przyuwa\u017cy\u0107, \u017ceby umiej\u0119tnie sparafrazowa\u0107 i sportretowa\u0107, jego przywary \u2013 pardon za wyra\u017cenie \u2013 obna\u017cy\u0107, pod zastanowienie podda\u0107 gogolowskie \u201ez kogo si\u0119 \u015bmiejecie?\u2026\u201d By zachodz\u0105ce u niejednych homo sapiens nieskomplikowane procesy chemiczne w kom\u00f3rkach szarych obrazowo i dowcipnie uj\u0105\u0107, aktorsko skomentowa\u0107. Trzeba w sobie t\u0119 sceniczn\u0105 gi\u0119tko\u015b\u0107 mie\u0107 \u2013 jak para szwagr\u00f3w \u2013 (fenomenalnie wyczesany i naturalny w ka\u017cdym calu Piotr Plewa oraz rewelacyjny mimicznie i ruchowo \u2013 Dariusz Starczewski). Nie wystarczy za\u0142o\u017cy\u0107 nochal clowna, by z pozornej b\u0142azenady zrobi\u0107 w\u0142a\u015bciwy u\u017cytek. A potrafi to |Krzysztof Pluskota (wyborny tak\u017ce jako redemptorysta z ka\u017c\u0105cym mieczem ognistym, prowadz\u0105cy teleturniej w pewnej stacji zbli\u017conej do kr\u0119g\u00f3w toru\u0144skich. (\u2026)<\/p>\n<p style=\"text-align: right;\">Krzysztof Rozner, \u201eKulturalna Warszawa\u201d, 8 maja 2009<\/p>\n<\/div>\n","protected":false},"excerpt":{"rendered":"<p>DO\u015a\u0106!\u2026 to pierwsza cz\u0119\u015b\u0107 tryptyku naznaczona kolorem czerwonym, wi\u0119c nie b\u0119dzie \u0142agodnie! Program to collage najbardziej aktualnych skecz\u00f3w i piosenek o tematyce spo\u0142ecznej i obyczajowej. Czyli, uwaga! Kmita zn\u00f3w zagl\u0105da do naszych dom\u00f3w, kuchni i salon\u00f3w, a tak\u017ce do urz\u0119d\u00f3w i do parlamentu. Odrobina dystansu do codzienno\u015bci wsp\u00f3\u0142czesnego Polaka w przypadku Rafa\u0142a Kmity mo\u017ce zaowocowa\u0107 [&hellip;]<\/p>\n","protected":false},"author":2,"featured_media":0,"parent":13,"menu_order":4,"comment_status":"closed","ping_status":"closed","template":"","meta":{"footnotes":""},"class_list":["post-107","page","type-page","status-publish","hentry"],"_links":{"self":[{"href":"https:\/\/kmita.art.pl\/index.php\/wp-json\/wp\/v2\/pages\/107"}],"collection":[{"href":"https:\/\/kmita.art.pl\/index.php\/wp-json\/wp\/v2\/pages"}],"about":[{"href":"https:\/\/kmita.art.pl\/index.php\/wp-json\/wp\/v2\/types\/page"}],"author":[{"embeddable":true,"href":"https:\/\/kmita.art.pl\/index.php\/wp-json\/wp\/v2\/users\/2"}],"replies":[{"embeddable":true,"href":"https:\/\/kmita.art.pl\/index.php\/wp-json\/wp\/v2\/comments?post=107"}],"version-history":[{"count":3,"href":"https:\/\/kmita.art.pl\/index.php\/wp-json\/wp\/v2\/pages\/107\/revisions"}],"predecessor-version":[{"id":228,"href":"https:\/\/kmita.art.pl\/index.php\/wp-json\/wp\/v2\/pages\/107\/revisions\/228"}],"up":[{"embeddable":true,"href":"https:\/\/kmita.art.pl\/index.php\/wp-json\/wp\/v2\/pages\/13"}],"wp:attachment":[{"href":"https:\/\/kmita.art.pl\/index.php\/wp-json\/wp\/v2\/media?parent=107"}],"curies":[{"name":"wp","href":"https:\/\/api.w.org\/{rel}","templated":true}]}}