{"id":103,"date":"2017-07-11T13:06:24","date_gmt":"2017-07-11T11:06:24","guid":{"rendered":"http:\/\/kmita.art.pl\/?page_id=103"},"modified":"2017-07-11T16:28:09","modified_gmt":"2017-07-11T14:28:09","slug":"teksty-piosenek","status":"publish","type":"page","link":"https:\/\/kmita.art.pl\/index.php\/multimedia\/teksty-piosenek\/","title":{"rendered":"TEKSTY PIOSENEK"},"content":{"rendered":"<h2><strong>\u201eAj-waj! czyli piosenki z cynamonem\u201d<\/strong><\/h2>\n<h3><strong>Przys\u0142uchujcie si\u0119 starym przedmiotom<\/strong><\/h3>\n<p>Przys\u0142uchujcie si\u0119 starym przedmiotom,<br \/>\nBo jak pewien chasyd powiedzia\u0142:<br \/>\nStare rzeczy gadaj\u0105 ze sob\u0105,<br \/>\nStare rzeczy lubi\u0105 po\u015bpiewa\u0107.<\/p>\n<p>Przys\u0142uchujcie si\u0119 starym przedmiotom,<br \/>\nPochylajcie nad nimi si\u0119 cz\u0119\u015bciej;<br \/>\nMo\u017ce kiedy\u015b pod zimn\u0105 pow\u0142ok\u0105<br \/>\nWyczujecie t\u0119tni\u0105ce tam serce.<\/p>\n<p>Przys\u0142uchujcie si\u0119 starym przedmiotom,<br \/>\nBo jak pewien chasyd powiedzia\u0142:<br \/>\nStare rzeczy gadaj\u0105 ze sob\u0105,<br \/>\nStare rzeczy lubi\u0105 po\u015bpiewa\u0107.<\/p>\n<p>Ukl\u0119knijcie przy siwym zegarze,<br \/>\nCo latami godziny wybija\u0142;<br \/>\nOn z minionych opowie co\u015b zdarze\u0144,<br \/>\nOn niejedn\u0105 opowie wam mi\u0142o\u015b\u0107.<\/p>\n<p>Innym razem zajrzyjcie do lustra,<br \/>\nKt\u00f3re dawno zacz\u0119\u0142o ju\u017c szarze\u0107;<br \/>\nJe\u015bli tylko nie zwiedzie was pustka,<br \/>\nTo gdzie\u015b z g\u0142\u0119bi wy\u0142oni\u0105 si\u0119 twarze.<\/p>\n<p>Przys\u0142uchujcie si\u0119 starym przedmiotom,<br \/>\nPochylajcie nad nimi si\u0119 cz\u0119\u015bciej;<br \/>\nMo\u017ce kiedy\u015b pod zimn\u0105 pow\u0142ok\u0105<br \/>\nWyczujecie t\u0119tni\u0105ce tam serce.<\/p>\n<p>Na dnie kufra rzucony tkwi lichtarz;<br \/>\nOn p\u0142omienia od wiek\u00f3w nie widzia\u0142,<br \/>\nAle w \u015brodku mu p\u0142onie modlitwa,<br \/>\nCo m\u00f3wili w szabas j\u0105 \u017bydzi.<\/p>\n<p>Przys\u0142uchujcie si\u0119 starym przedmiotom,<br \/>\nBo jak pewien chasyd powiedzia\u0142:<br \/>\nStare rzeczy gadaj\u0105 ze sob\u0105,<br \/>\nStare rzeczy lubi\u0105 po\u015bpiewa\u0107.<\/p>\n<p>Przys\u0142uchujcie si\u0119 starym przedmiotom,<br \/>\nBo jak pewien chasyd powiedzia\u0142:<br \/>\nStare rzeczy gadaj\u0105 ze sob\u0105,<br \/>\nStare rzeczy lubi\u0105 po\u015bpiewa\u0107.<\/p>\n<p>Przys\u0142uchujcie si\u0119 starym przedmiotom,<br \/>\nPochylajcie nad nimi si\u0119 cz\u0119\u015bciej;<br \/>\nMo\u017ce kiedy\u015b pod zimn\u0105 pow\u0142ok\u0105<br \/>\nWyczujecie t\u0119tni\u0105ce tam serce.<\/p>\n<p><strong>Targowa\u0107 \u017byd idzie<\/strong><\/p>\n<p>I<br \/>\nPos\u0142a\u0142a mnie \u017cona na targ sprzeda\u0107 koz\u0119;<br \/>\nIdziemy wi\u0119c z koz\u0105\u00a0 z\u0142\u0105czeni powrozem.<br \/>\nIdziemy wi\u0119c z koz\u0105 \u2013 sze\u015b\u0107 n\u00f3g nam pomaga,<br \/>\nPrzynios\u0119 mej \u017conie pieni\u0105\u017cki na szabas.<br \/>\nTargowa\u0107 \u017byd idzie i chce tak niewiele:<br \/>\nDaj zrobi\u0107 mi, Bo\u017ce, nieg\u0142upi interes.<br \/>\nTargowa\u0107 \u017byd idzie\u2026 lecz nagle przy drodze<br \/>\nPojawia si\u0119 karczma\u2026 Jest karczma, to wchodz\u0119.<\/p>\n<p>Ref.<br \/>\nA w karczmie:<br \/>\nDaj, daj, daj, daj, daj, daj,<br \/>\nDaj, daj, daj, daj, daj, daj,<br \/>\nDaj, daj, daj, daj, daj, daj\u2026<br \/>\nAch, jak\u017ce to \u201edaj, daj\u201d potrafi by\u0107 mi\u0142e!!!\u2026<br \/>\nCalutk\u0105 ja koz\u0119 \u2013 oj, daj, daj \u2013 przepi\u0142em.<\/p>\n<p>II<br \/>\nPrzepi\u0142o si\u0119 koz\u0119, pieni\u0105dze szlag trafi\u0142;<br \/>\nWy\u0142oi mnie \u017cona, a \u0142oi\u0107 potrafi!<br \/>\nC\u00f3\u017c robi\u0107? Co robi\u0107? \u2013 Podpowiedz mi, Panie!<br \/>\nZegarek?\u2026 Zegarek z \u0142a\u0144cuszkiem! \u2013 W sam raz do sprzedania.<br \/>\nTargowa\u0107 \u017byd idzie z \u0142a\u0144cuszkiem zegarek;<br \/>\nNieg\u0142upio go sprzedam, ju\u017c ja si\u0119 postaram.<br \/>\nTargowa\u0107 \u017byd idzie\u2026 lecz nagle przy drodze<br \/>\nZn\u00f3w karczma wyrasta\u2026 Wyros\u0142a, wi\u0119c wchodz\u0119.<\/p>\n<p>Ref.<br \/>\nA w karczmie:<br \/>\nDaj, daj, daj, daj, daj, daj,<br \/>\nDaj, daj, daj, daj, daj, daj,<br \/>\nDaj, daj, daj, daj, daj, daj\u2026<br \/>\nAch, jak\u017ce to \u201edaj, daj\u201d potrafi by\u0107 mi\u0142e!!!\u2026<br \/>\nZegarek z \u0142a\u0144cuszkiem \u2013 oj, daj, daj \u2013 przepi\u0142em.<\/p>\n<p>III<br \/>\nZegarek\u00a0 przepity i koza\u00a0 przepita;<br \/>\nPrzywita mnie \u017cona! O, ci\u0119\u017cko przywita!<br \/>\nC\u00f3\u017c robi\u0107? Co robi\u0107? \u2013 Podpowiedz mi, Bo\u017ce!<br \/>\nCo? Surdut?\u2026\u00a0\u00a0\u00a0\u00a0\u00a0\u00a0\u00a0\u00a0\u00a0 A pewnie! I surdut na sprzeda\u017c by\u0107 mo\u017ce.<br \/>\nSw\u00f3j surdut po ojcu\u00a0 \u017byd idzie targowa\u0107;<br \/>\nNieg\u0142upio go sprzedam, ju\u017c moja w tym g\u0142owa.<br \/>\nTargowa\u0107 \u017byd idzie\u2026 a tutaj przy drodze<br \/>\nZn\u00f3w karczma\u2026 si\u0119 kiwa\u2026 Rzecz dziwna, lecz wchodz\u0119.<\/p>\n<p>Ref.<br \/>\nA w karczmie:<br \/>\nDaj, daj, daj, daj, daj, daj,<br \/>\nDaj, daj, daj, daj, daj, daj,<br \/>\nDaj, daj, daj, daj, daj, daj\u2026<br \/>\nAch, jak\u017ce to \u201edaj, daj\u201d potrafi by\u0107 mi\u0142e!!!\u2026<br \/>\nI surdut \u2013 oj, daj, daj \u2013 ja tak\u017ce przepi\u0142em.<\/p>\n<p>IV<br \/>\nBez kozy \u017byd wraca, zegarka, surduta;<br \/>\nPoka\u017ce mi \u017cona, co znaczy pokuta!<br \/>\nA mora\u0142 z historii tej, mora\u0142 jest taki:<br \/>\n\u017be\u2026 ten, no\u2026 gdzie\u017c mora\u0142?\u2026 \u017ce daj, daj\u2026 \u017ce mi\u0142e\u2026<br \/>\nC\u00f3\u017c, wida\u0107 i mora\u0142 \u2013 oj, daj, daj \u2013 przepi\u0142em.<\/p>\n<p><strong>Abram i Berko<\/strong><\/p>\n<p>ABRAM:\u00a0 Pos\u0142uchaj, Berko! BERKO: S\u0142ucham ci\u0119, Abram!<br \/>\nABRAM:\u00a0 Dziewczyna \u2013 pi\u0119kna, jak z dziewczyn \u017cadna!<br \/>\nEch, gdyby\u015b widzia\u0142 te czarne loki!<br \/>\nA jakie usta! A jakie oczy!<br \/>\nBERKO: \u00a0\u00a0\u00a0\u00a0\u00a0\u00a0\u00a0 A jak tam u niej \u2013 no, wiesz \u2013 te sprawy?<br \/>\nABRAM:\u00a0 To ci opowiem, skoro\u015b ciekawy:<br \/>\nOd razu wida\u0107, \u017ce B\u00f3g j\u0105 lepi\u0142.<br \/>\nNie trzeba wi\u0119cej, nie mo\u017cna lepiej!<br \/>\nKobitka, Berko, stu innych warta!<br \/>\nBERKO: \u00a0\u00a0\u00a0\u00a0\u00a0\u00a0\u00a0 Masz, Abram, szcz\u0119\u015bcie! Masz, Abram, farta!<\/p>\n<p>Ref.<br \/>\nRAZEM:\u00a0 Dziewczyna \u2013 cymes! Zapach raju!<br \/>\nPaluszki liza\u0107! Sama s\u0142odycz!<br \/>\nABRAM:\u00a0 Po prostu diament w ka\u017cdym calu!<br \/>\nBERKO:\u00a0\u00a0 Po prostu skarb od st\u00f3p do g\u0142owy!<br \/>\nRAZEM:\u00a0 Dziewczyna \u2013 cymes! Szczere z\u0142oto!<br \/>\nTo\u0107 ona \u017cycie w kugel zmienia!<br \/>\nI cz\u0142ek by musia\u0142 by\u0107 idiot\u0105,<br \/>\nBy takiej per\u0142y nie docenia\u0107.<\/p>\n<p>II<br \/>\nABRAM:\u00a0 Pos\u0142uchaj, Berko! BERKO: S\u0142ucham ci\u0119, Abram!<br \/>\nABRAM:\u00a0 Dziewczyna \u2013 m\u0105dra r\u00f3wnie jak \u0142adna!<br \/>\nJest taka m\u0105dra jak\u2026 jak sam Moj\u017cesz!<br \/>\nBERKO:\u00a0 Lecz nie ma brody?!! ABRAM:\u00a0 G\u0142adszej nie znajdziesz!!!<br \/>\nBERKO:\u00a0\u00a0 A du\u017co gada? ABRAM:\u00a0 Prawie w og\u00f3le!<br \/>\nW dodatku z sensem! BERKO: Cud! Ja zwariuj\u0119!!!<br \/>\nABRAM:\u00a0 Weso\u0142a przy tym! A przy tym mi\u0142a!<br \/>\nBERKO:\u00a0\u00a0 Co\u015b czuj\u0119, Abram, \u017ce to jest mi\u0142o\u015b\u0107!<br \/>\nABRAM:\u00a0 Kobitka, Berko, stu innych warta!<br \/>\nBERKO:\u00a0\u00a0 Masz, Abram, szcz\u0119\u015bcie! Masz, Abram, farta!<\/p>\n<p>Ref.<br \/>\nRAZEM:\u00a0 Dziewczyna \u2013 cymes! Zapach raju!<br \/>\nPaluszki liza\u0107!\u00a0 Sama s\u0142odycz!<br \/>\nBERKO:\u00a0\u00a0 Po prostu diament w ka\u017cdym calu!<br \/>\nABRAM:\u00a0 Po prostu skarb od st\u00f3p do g\u0142owy!<br \/>\nRAZEM:\u00a0\u00a0 Dziewczyna \u2013 cymes! Szczere z\u0142oto!<br \/>\nTo\u0107 ona \u017cycie w kugel zmienia!<br \/>\nABRAM:\u00a0\u00a0 Lecz mam z ni\u0105, Berko, pewien k\u0142opot\u2026<br \/>\n\u017be na tym \u015bwiecie takiej nie ma\u2026<\/p>\n<p><strong>Ko\u0142ysanka<\/strong><\/p>\n<p>Ref.<br \/>\nLulu, aj lulaj li,<br \/>\n\u015apij sobie, synku m\u00f3j, \u015bpij.<\/p>\n<p>Niech ci\u0119, okruszku, sen oplata,<br \/>\nLulaj w kolebce moich d\u0142oni;<br \/>\nPo co ci spieszy\u0107 si\u0119 do \u015bwiata,<br \/>\nPo co si\u0119 spieszy\u0107 na t\u0119 stron\u0119.<\/p>\n<p>Lulu, aj lulaj lu,<br \/>\nLepiej tam w snach ni\u017ali tu.<br \/>\nLulu, aj lulaj la,<br \/>\nLepiej jest tam \u2013 w twoich snach.<\/p>\n<p>I<br \/>\nBo \u017cycie, kochany, to nie jest to samo<br \/>\nCo mi\u0119kki, wygrzany tw\u00f3j becik.<br \/>\nNiejednym cierpieniem ci\u0119 zd\u0105\u017cy porani\u0107,<br \/>\nNiejedn\u0105 ci\u0119 bied\u0105 przygniecie.<\/p>\n<p>Gdy ca\u0142uj\u0119 twe oczka zlepione przez sen,<br \/>\nMy\u015bl\u0119, ile w nich kiedy\u015b urodzi si\u0119 \u0142ez.<\/p>\n<p>Ref.<br \/>\nLulu, aj lulaj li,<br \/>\n\u015apij sobie, synku m\u00f3j, \u015bpij.<\/p>\n<p>Niech ci\u0119, pere\u0142ko, sen oplata,<br \/>\nNiech ci\u0119 ko\u0142ysze moja nuta;<br \/>\nPo co ci spieszy\u0107 si\u0119 do \u015bwiata,<br \/>\nPo co masz pcha\u0107 si\u0119 w gorzkie tutaj.<\/p>\n<p>Lulu, aj lulaj li,<br \/>\nS\u0142odsze s\u0105 pewnie twe sny.<br \/>\nLulu, aj lulaj la,<br \/>\nLepiej jest tam \u2013 w twoich snach.<\/p>\n<p>II<br \/>\nBo \u017cycie, m\u00f3j ma\u0142y, nie takie jest wcale,<br \/>\nJak zdaje si\u0119 w matki ramionach.<br \/>\nI poznasz ciemniejszy cz\u0142owieka kawa\u0142ek,<br \/>\nZ pod\u0142o\u015bci\u0105 ty jeszcze si\u0119 spotkasz.<\/p>\n<p>I przytrafi\u0105 si\u0119 tacy, co w twarz rzuc\u0105 ci,<br \/>\n\u017be\u015b odmieniec, \u017ce\u015b wr\u00f3g, \u017ce\u015b przekl\u0119ty jest \u017byd.<\/p>\n<p>Ref.<br \/>\nLulu, aj lulaj li,<br \/>\n\u015apij sobie, synku m\u00f3j, \u015bpij.<\/p>\n<p>Niech ci\u0119, anio\u0142ku, sen oplata,<br \/>\nNiech ci\u0119 z marzenia nic nie budzi;<br \/>\nPo co ci spieszy\u0107 si\u0119 do \u015bwiata,<br \/>\nPo co masz spieszy\u0107 si\u0119 do ludzi.<\/p>\n<p>Lulu, aj lulaj lu,<br \/>\nLepiej tam w snach ni\u017ali tu.<br \/>\nLulu, aj lulaj la,<br \/>\nLepiej jest tam \u2013 w twoich snach.<\/p>\n<p><strong>Aj jaj, handelek!<\/strong><\/p>\n<p>Aj jaj, handelek! Ten nasz handelek!<br \/>\nO ile smutniej bez niego \u017cy\u0142by cz\u0142ek!<br \/>\nRaz po bo\u017cemu, a raz szwindelek \u2013<br \/>\nByleby jako\u015b interes kr\u0119ci\u0142 si\u0119.<\/p>\n<p>Gdy masz gadane, gdy masz kiepe\u0142e,<br \/>\nTo ca\u0142kiem zno\u015bnie zarobi\u0107 tu si\u0119 da.<br \/>\nAj jaj, handelek! Ten nasz handelek!<br \/>\nAch, jak\u017ce nudny bez niego by\u0142by \u015bwiat!<\/p>\n<p><strong>Deszczowy kochanek<\/strong><\/p>\n<p>I<br \/>\nTak wam na ucho co\u015b tutaj zdradz\u0119,<br \/>\nJak to z mym Szlomo, jak ze Szlomo jest:<br \/>\nOt\u00f3\u017c m\u00f3j Szlomo \u2013 on kocha bardzo!<br \/>\nKocha mnie bardzo\u2026 ale tylko w deszcz.<\/p>\n<p>S\u0142o\u0144ce na Szlomo fatalnie wp\u0142ywa;<br \/>\nW s\u0142o\u0144cu to Szlomo zaraz wi\u0119dnie mi;<br \/>\nJako\u015b tak cichnie, tak go ubywa<br \/>\nI ch\u0119\u0107 si\u0119 ca\u0142a wnet wypala w nim.<\/p>\n<p>Za to gdy opad, gdy wok\u00f3\u0142 s\u0142ota,<br \/>\nWtedy ochota z deszczem sp\u0142ywa na\u0144.<br \/>\nTaki ze Szlomo deszczowy ch\u0142opak,<br \/>\nBo w deszcz on kocha pi\u0119knie \u2013 bez dw\u00f3ch zda\u0144!<\/p>\n<p>Ref.<br \/>\nDlatego my\u015bl\u0119 sobie, \u017ce:<br \/>\nBy\u0142oby naprawd\u0119 mi\u0142o,<br \/>\nGdyby ciut dzi\u015b pokropi\u0142o.<br \/>\nW czym by komu zaszkodzi\u0142o<br \/>\nTroszk\u0119 tego d\u017cd\u017cu?!<br \/>\nOt, kropelek par\u0119 z nieba;<br \/>\nTyle co dla dwojga trzeba;<br \/>\n\u017badna wielka tam ulewa,<br \/>\n\u017baden wielki cud.<br \/>\nNikt nie \u017c\u0105da gradobicia,<br \/>\nStarczy m\u017cawka, cho\u0107by tycia;<br \/>\n\u017beby Szlomo nabra\u0142 \u017cycia,<br \/>\n\u017beby Szlomo m\u00f3g\u0142.<\/p>\n<p>II<br \/>\nChc\u0119 tutaj wyzna\u0107 co\u015b wam na ucho,<br \/>\nJak to z mym Szlomo, jak ze Szlomo jest:<br \/>\nWi\u0119c ca\u0142kiem marnie, gdy bywa sucho,<br \/>\nA wr\u0119cz wspaniale, kiedy pada deszcz.<\/p>\n<p>Bo deszcz w mym Szlomo rozbudza zmys\u0142y;<br \/>\nBo deszcz gwa\u0142townie w nim rozbudza p\u0142e\u0107.<br \/>\nRwie mu si\u0119 oddech i oko b\u0142yszczy;<br \/>\nW \u017cy\u0142ach ma wrz\u0105tek, a w ramionach: mnie!!!<\/p>\n<p>A w upa\u0142 \u2013 dupa! Po prostu \u2013 dupa<br \/>\nZ mojego Szlomo, a nie \u017caden ch\u0142op!<br \/>\nA w upa\u0142 \u2013 klucha, bez si\u0142 i ducha;<br \/>\nZamiast m\u0119\u017cczyzny \u2013 nie wiadomo co.<\/p>\n<p>Ref.<br \/>\nDlatego ja bardzo prosz\u0119:<br \/>\nNiech no wreszcie si\u0119 zachmurzy,<br \/>\nNiech do jakiej\u015b dojdzie burzy,<br \/>\nNiech kto\u015b wa\u017cny tam na g\u00f3rze<br \/>\nMnie wys\u0142ucha i<br \/>\nNiech odkr\u0119ci ju\u017c te krany,<br \/>\nNiech zostanie \u015bwiat podlany,<br \/>\nBo usycha m\u00f3j kochanek,<br \/>\nA ja razem z nim!<br \/>\nCzy anieli si\u0119 uwzi\u0119li?!<br \/>\nWody! Wody \u2013 do cholery!!!<br \/>\nPrzecie\u017c mi\u0142o\u015b\u0107 tu umiera!<br \/>\nOna musi pi\u0107!!!<br \/>\n***<br \/>\nSzlomo!\u2026 Szlomo!\u2026 Szlome\u0142e!<br \/>\nCo\u015b mi si\u0119 zdaje, \u017ce zaczyna m\u017cy\u0107!<\/p>\n<p><strong>M<\/strong><strong>arzy <\/strong><strong>sobie krawiec Mendel<\/strong><\/p>\n<p>I<br \/>\nSzyje cha\u0142at krawiec Mendel \u2013 \u015bl\u0119czy nad \u015bciegami,<br \/>\nA gdzie\u015b w g\u0142owie mu si\u0119 kr\u0119ci szpulka z marzeniami:<\/p>\n<p>\u201eGdybym znalaz\u0142 tak\u0105 ig\u0142\u0119, kt\u00f3ra cuda sprawia,<br \/>\nTobym \u015bwiatu ni\u0105 co nieco fason poprzerabia\u0142.<br \/>\nGdzie za du\u017co, tam bym skr\u00f3ci\u0142, doda\u0142, gdzie za ma\u0142o,<br \/>\nNiechby ludzi ziemskie \u017cycie tak nie uwiera\u0142o.<br \/>\nGdybym dosta\u0142 w r\u0119ce ig\u0142\u0119, co ma moc niezwyk\u0142\u0105,<br \/>\nZaszy\u0142bym ja wszelk\u0105 bied\u0119, zaszy\u0142bym t\u0105 ig\u0142\u0105.<br \/>\n\u0141zy bym zaraz poprzek\u0142uwa\u0142, niech si\u0119 g\u0119by \u015bmiej\u0105;<br \/>\nA co w duszach jest naddarte \u2013 \u0142ata\u0142bym nadziej\u0105\u201d.<\/p>\n<p>Ref.<br \/>\nMarzy sobie krawiec Mendel,<br \/>\nBaju, baju, baj jaj jaj.<br \/>\nAch! Jak by\u0142oby to pi\u0119knie!<br \/>\nBaju, jaju, baj.<br \/>\nKrawiec Mendel sobie marzy,<br \/>\nBaju, baju, baj jaj jaj.<br \/>\nGdyby\u017c mog\u0142o si\u0119 to zdarzy\u0107!<br \/>\nBaju, jaju, baj.<\/p>\n<p>II<br \/>\nSzyje cha\u0142at krawiec Mendel \u2013 \u015bl\u0119czy nad \u015bciegami,<br \/>\nA gdzie\u015b w g\u0142owie mu si\u0119 kr\u0119ci szpulka z marzeniami:<\/p>\n<p>\u201eGdybym zdoby\u0142 nici szcz\u0119\u015bcia, takie nici zdoby\u0142,<br \/>\nTobym nimi poobszywa\u0142 kraje i narody.<br \/>\nNiech im pola si\u0119 pokryj\u0105 haftem urodzaju<br \/>\nI o skrawki nigdy wi\u0119cej niech si\u0119 nie sprzeczaj\u0105.<br \/>\nGdybym ja by\u0142 wielki krawiec \u2013 krawiec cudotw\u00f3rca,<br \/>\nCo potrafi swym naparstkiem g\u00f3ry z miejsca rusza\u0107,<br \/>\nTobym kr\u00f3lom, tobym carom szy\u0107 cha\u0142aty kaza\u0142,<br \/>\nA na tronach bym posadzi\u0142 krawc\u00f3w, kt\u00f3rzy marz\u0105\u201d.<\/p>\n<p>Ref.<br \/>\nMarzy sobie krawiec Mendel,<br \/>\nBaju, baju, baj jaj jaj.<br \/>\nAch! Jak by\u0142oby to pi\u0119knie!<br \/>\nBaju, jaju, baj.<br \/>\nKrawiec Mendel sobie marzy,<br \/>\nBaju, baju, baj jaj jaj.<br \/>\nGdyby\u017c mog\u0142o si\u0119 to zdarzy\u0107!<br \/>\nBaju, jaju, baj.<\/p>\n<p><strong>Dziwka z Krochmalnej Ze\u0142de-Chaja<\/strong><\/p>\n<p>I<\/p>\n<p>Usta, nogi, biust i szyja;<br \/>\nOd twych spojrze\u0144 ju\u017c si\u0119 lepi\u0119;<br \/>\nPodejd\u017a bli\u017cej \u2013 \u017cycie mija,<br \/>\nBli\u017cej \u2013 b\u0119dzie du\u017co lepiej.<\/p>\n<p>Ci\u0119\u017cki oddech szarpie cisz\u0119,<br \/>\nP\u0142on\u0105 cia\u0142a \u2013 krew nie woda!<br \/>\nPodejd\u017a do mnie jeszcze bli\u017cej,<br \/>\nUko\u0142ysz\u0119 ci\u0119 w mych biodrach.<\/p>\n<p>Ref.<br \/>\nStoj\u0119 pod si\u00f3dmym przy Krochmalnej;<br \/>\nCo noc p\u00f3\u0142 miasta tu si\u0119 garnie,<br \/>\nBo \u2013 jakem dziwka Ze\u0142de-Chaja \u2013<br \/>\nNajlepszy towar wam oddaj\u0119.<br \/>\nDziwka z Krochmalnej Ze\u0142de-Chaja \u2013<br \/>\nZa rubla\u00a0 ka\u017cdy j\u0105 dostaje.<br \/>\nNoc w noc p\u00f3\u0142 miasta tu si\u0119 zg\u0142asza,<br \/>\nBo towar m\u00f3j jest pierwsza klasa!<\/p>\n<p>II<br \/>\nUsta, nogi, biust i szyja;<br \/>\nPrzy mnie \u017caden ch\u0142op nie po\u015bci,<br \/>\nA tam w domach \u2013 \u017cony tyj\u0105,<br \/>\nA tam w domach \u2013\u00a0 zimna po\u015bciel.<\/p>\n<p>Usta, nogi, biust i szyja;<br \/>\nBierzcie wszystko \u2013 prawie darmo!<br \/>\nJa dotykiem was upij\u0119,<br \/>\nJa mi\u0142o\u015bci\u0105 was nakarmi\u0119.<\/p>\n<p>Ref.<br \/>\nDziwka z Krochmalnej Ze\u0142de-Chaja \u2013<br \/>\nZa rubla\u00a0 ka\u017cdy j\u0105 dostaje.<br \/>\nNoc w noc p\u00f3\u0142 miasta tu si\u0119 zg\u0142asza,<br \/>\nBo towar m\u00f3j jest pierwsza klasa!<br \/>\nStoj\u0119 pod si\u00f3dmym przy Krochmalnej;<br \/>\nCo noc p\u00f3\u0142 miasta tu si\u0119 garnie,<br \/>\nBo \u2013 jakem dziwka Ze\u0142de-Chaja \u2013<br \/>\nNajlepszy towar wam oddaj\u0119.<\/p>\n<p>III<br \/>\nI niech wi\u0119cej nikt nie gada,<br \/>\n\u017be si\u0119 tocz\u0119 wprost do piek\u0142a,<br \/>\n\u017be na l\u0119d\u017awie diab\u0142u spadam,<br \/>\n\u017be si\u0119 b\u0119d\u0119 w ogniu piek\u0142a.<\/p>\n<p>Dla mnie wij\u0105 miejsce w raju,<br \/>\nPrzy rabinach, przy prorokach,<br \/>\nBo ja ca\u0142\u0105 siebie daj\u0119!<br \/>\nJa najlepszy daj\u0119 towar!<\/p>\n<p>Ref.<br \/>\nStoj\u0119 pod si\u00f3dmym przy Krochmalnej;<br \/>\nCo noc p\u00f3\u0142 miasta tu si\u0119 garnie,<br \/>\nBo \u2013 jakem dziwka Ze\u0142de-Chaja \u2013<br \/>\nNajlepszy towar wam oddaj\u0119!<br \/>\nDziwka z Krochmalnej Ze\u0142de-Chaja \u2013<br \/>\nZa rubla\u00a0 ka\u017cdy j\u0105 dostaje.<br \/>\nNoc w noc p\u00f3\u0142 miasta tu si\u0119 zg\u0142asza,<br \/>\nBo towar m\u00f3j jest pierwsza klasa!<\/p>\n<p><strong>Smutne skrzypki<\/strong><\/p>\n<p>I<\/p>\n<p>Dosta\u0142em ja \u017con\u0119 z \u017con wszystkich najlepsz\u0105,<br \/>\n\u017byjemy wi\u0119c sobie: i zgodnie, i ciep\u0142o.<br \/>\nWoko\u0142o nas kr\u0119ci si\u0119 dzieci gromada,<br \/>\nA ka\u017cde rumiane jak cha\u0142ka na szabas.<br \/>\nI mo\u017cna powiedzie\u0107, \u017cem w \u0142askach jest nieba,<br \/>\nBo czeg\u00f3\u017c mi wi\u0119cej od losu potrzeba?<br \/>\nLecz kiedy zaczynam na skrzypkach mych gra\u0107,<br \/>\nTo w strunach co\u015b p\u0142acze, to w strunach co\u015b \u0142ka.<\/p>\n<p>Dlaczego tak wielka pod smyczkiem ta \u0142za?<br \/>\nSk\u0105d w pie\u015bni mych skrzypiec pio\u0142unu jest smak?<\/p>\n<p>II<br \/>\nMam swoje rzemios\u0142o i chwal\u0119 je sobie,<br \/>\nBo robi\u0119, co umiem, i lubi\u0119, co robi\u0119.<br \/>\nI wcale nielichy jest z tego pieni\u0105\u017cek,<br \/>\nW sam raz, by bez biedy si\u0119 w \u015bwiecie urz\u0105dzi\u0107.<br \/>\nI starcza mi domu: dla swoich i go\u015bci,<br \/>\nI nikt opr\u00f3cz g\u0142odu tu u mnie nie po\u015bci.<br \/>\nDlaczego wi\u0119c kiedy na skrzypkach mych gram,<br \/>\nTo \u017calu w nich tyle i tyle w nich skarg?<\/p>\n<p>Dlaczego tak wielka pod smyczkiem ta \u0142za?<br \/>\nSk\u0105d w pie\u015bni mych skrzypiec pio\u0142unu jest smak?<\/p>\n<p>III<br \/>\nNie wpad\u0142em ja w \u0142apy \u017cadnemu z na\u0142og\u00f3w<br \/>\nI wszelkie choroby odganiam od progu.<br \/>\nB\u00f3g wiele mi si\u0142y w dobroci swej zes\u0142a\u0142,<br \/>\nSto lat si\u0119 po\u017cyje i jeszcze dwadzie\u015bcia.<br \/>\nMa cz\u0142owiek rodzin\u0119 i chleb ma, i zdrowie;<br \/>\nI grzechem by by\u0142o por\u00f3wna\u0107 si\u0119 z Hiobem.<br \/>\nWi\u0119c czemu me skrzypki s\u0105 mokre od \u0142ez?<br \/>\nWi\u0119c czemu tak smutno: i skrzypkom, i mnie?<\/p>\n<p>Wi\u0119c czemu me skrzypki s\u0105 mokre od \u0142ez?<br \/>\nWi\u0119c czemu tak smutno: i skrzypkom, i mnie?<\/p>\n<p><strong>Do zobaczenia za rok!<\/strong><\/p>\n<p>I \u015bmia\u0107 si\u0119 b\u0119dziemy, i starczy nam \u015bmiechu,<br \/>\nI pie\u015bni nam starczy milczeniu na przek\u00f3r,<br \/>\nI miejsca nam w d\u0142oni na inn\u0105 d\u0142o\u0144 starczy,<br \/>\nI starczy si\u0142 w nogach, by wieczno\u015b\u0107 przeta\u0144czy\u0107.<\/p>\n<p>Do\u015b\u0107 b\u0119dzie rodzynk\u00f3w dla wszystkich w kredensie,<br \/>\nI kugla na stole dla wszystkich do\u015b\u0107 b\u0119dzie,<br \/>\nI ka\u017cdy si\u0119 z drugim nagada do syta,<br \/>\nI wino beczkami poleje si\u0119 przy tym.<\/p>\n<p>Ref.<br \/>\nDo zobaczenia wi\u0119c za rok!<br \/>\nW o wiele lepszym \u015bwiecie.<br \/>\n\u017bycz\u0119 nam szcz\u0119\u015bcia! Maze\u0142 tow!<br \/>\nW ko\u0144cu nadejdzie przecie\u017c.<\/p>\n<p>Do zobaczenia wi\u0119c za rok!<br \/>\nW o wiele lepszych czasach.<br \/>\nNa dobry los czekajmy, bo<br \/>\nJu\u017c go kto\u015b lepi dla nas.<\/p>\n<p>Do zobaczenia wi\u0119c za rok!<br \/>\nW o wiele lepszym \u015bwiecie.<br \/>\n\u017bycz\u0119 nam szcz\u0119\u015bcia! Maze\u0142 tow!<br \/>\nW ko\u0144cu nadejdzie przecie\u017c.<\/p>\n<p>***<br \/>\nWybaczcie autorowi, \u017ce<br \/>\nSpartaczy\u0142 tu niema\u0142o,<br \/>\nLecz nawet Panu Bogu te\u017c<br \/>\nNie wszystko si\u0119 uda\u0142o.<\/p>\n<p>Ref.<br \/>\nDo zobaczenia wi\u0119c za rok!<br \/>\nW o wiele lepszym \u015bwiecie.<br \/>\n\u017bycz\u0119 nam szcz\u0119\u015bcia! Maze\u0142 tow!<br \/>\nW ko\u0144cu nadejdzie przecie\u017c.<\/p>\n<p>Do zobaczenia wi\u0119c za rok!<br \/>\nW o wiele lepszych czasach.<br \/>\nNa dobry los czekajmy, bo<br \/>\nJu\u017c go kto\u015b lepi dla nas.<\/p>\n<p><strong>Ta\u0144czy nasz rebe<\/strong><\/p>\n<p>I<br \/>\nKiedy nasz rebe bierze si\u0119 do ta\u0144ca,<br \/>\nTo w oczach b\u0142yska mu radosny ogie\u0144.<br \/>\nKlaszczemy wtedy, ile si\u0142 nam starcza,<br \/>\nA ju\u017c po chwili tupi\u0105 wszystkie nogi.<\/p>\n<p>Kiedy nasz rebe w ta\u0144cu si\u0119 rozp\u0119dza,<br \/>\nskry si\u0119 przy tym naoko\u0142o sypi\u0105.<br \/>\nA kiedy rebe ta\u0144czy jeszcze pr\u0119dzej,<br \/>\nTo jakby wiatr mu kto\u015b do but\u00f3w przypi\u0105\u0142.<\/p>\n<p>Ref.<br \/>\n\u015apiewajcie mi, skrzypki, a \u017cywo!<br \/>\nCymbalcie \u2013 weso\u0142o \u2013 cymba\u0142y!<br \/>\nB\u0119bniarzu, w sw\u00f3j b\u0119ben tam przywal!<br \/>\nBy \u015bciany i serca zadr\u017ca\u0142y!!!<br \/>\nI g\u0142o\u015bniej, klezmerzy, i \u015bmia\u0142o!<br \/>\nRebemu dzi\u015b gracie \u2013 wi\u0119c dalej!<br \/>\nNiech tr\u0105bki porz\u0105dnie dmuchaj\u0105!<br \/>\nNiech klarnet si\u0119 tr\u0105bkom nie daje!<\/p>\n<p>\u015apiewajcie mu, skrzypki, a \u017cywo!<br \/>\nCymbalcie \u2013 weso\u0142o \u2013 cymba\u0142y!<br \/>\nB\u0119bniarzu, w sw\u00f3j b\u0119ben tam przywal!<br \/>\nBy \u015bciany i serca zadr\u017ca\u0142y!!!<br \/>\nI g\u0142o\u015bniej, klezmerzy, i \u015bmia\u0142o!<br \/>\nRebemu dzi\u015b gracie \u2013 wi\u0119c dalej!<br \/>\nNiech tr\u0105bki porz\u0105dnie dmuchaj\u0105!<br \/>\nNiech klarnet si\u0119 tr\u0105bkom nie daje!<\/p>\n<p>II<br \/>\nKiedy nasz rebe ta\u0144czy chasydzkiego,<br \/>\nDyszy z uciechy pod stopami ziemia.<br \/>\nA kiedy rebe nudzi si\u0119 tym biegiem,<br \/>\nWtedy kapota w skrzyd\u0142a mu si\u0119 zmienia.<\/p>\n<p>Kiedy nasz rebe w ta\u0144cu swoim fruwa,<br \/>\nTo si\u0119 zlatuj\u0105 fruwa\u0107 z nim anio\u0142y;<br \/>\nA gdzie\u015b tam z g\u00f3ry patrzy na to Stw\u00f3rca<br \/>\nI jak my wszyscy nie \u017ca\u0142uje d\u0142oni.<\/p>\n<p>Ref.<br \/>\n\u015apiewajcie mu, skrzypki, a \u017cywo!<br \/>\nCymbalcie \u2013 weso\u0142o \u2013 cymba\u0142y!<br \/>\nB\u0119bniarzu, w sw\u00f3j b\u0119ben tam przywal!<br \/>\nBy \u015bciany i serca zadr\u017ca\u0142y!!!<br \/>\nI g\u0142o\u015bniej, klezmerzy, i \u015bmia\u0142o!<br \/>\nRebemu dzi\u015b gracie \u2013 wi\u0119c dalej!<br \/>\nNiech tr\u0105bki porz\u0105dnie dmuchaj\u0105!<br \/>\nNiech klarnet si\u0119 tr\u0105bkom nie daje!<\/p>\n<p>\u015apiewajcie mu, skrzypki, a \u017cywo!<br \/>\nCymbalcie \u2013 weso\u0142o \u2013 cymba\u0142y!<br \/>\nB\u0119bniarzu, w sw\u00f3j b\u0119ben tam przywal!<br \/>\nBy \u015bciany i serca zadr\u017ca\u0142y!!!<br \/>\nI g\u0142o\u015bniej, klezmerzy, i \u015bmia\u0142o!<br \/>\nRebemu dzi\u015b gracie \u2013 wi\u0119c dalej!<br \/>\nNiech tr\u0105bki porz\u0105dnie dmuchaj\u0105!<br \/>\nNiech klarnet si\u0119 tr\u0105bkom nie daje<\/p>\n","protected":false},"excerpt":{"rendered":"<p>\u201eAj-waj! czyli piosenki z cynamonem\u201d Przys\u0142uchujcie si\u0119 starym przedmiotom Przys\u0142uchujcie si\u0119 starym przedmiotom, Bo jak pewien chasyd powiedzia\u0142: Stare rzeczy gadaj\u0105 ze sob\u0105, Stare rzeczy lubi\u0105 po\u015bpiewa\u0107. Przys\u0142uchujcie si\u0119 starym przedmiotom, Pochylajcie nad nimi si\u0119 cz\u0119\u015bciej; Mo\u017ce kiedy\u015b pod zimn\u0105 pow\u0142ok\u0105 Wyczujecie t\u0119tni\u0105ce tam serce. Przys\u0142uchujcie si\u0119 starym przedmiotom, Bo jak pewien chasyd powiedzia\u0142: Stare [&hellip;]<\/p>\n","protected":false},"author":2,"featured_media":0,"parent":15,"menu_order":0,"comment_status":"closed","ping_status":"closed","template":"","meta":{"footnotes":""},"class_list":["post-103","page","type-page","status-publish","hentry"],"_links":{"self":[{"href":"https:\/\/kmita.art.pl\/index.php\/wp-json\/wp\/v2\/pages\/103"}],"collection":[{"href":"https:\/\/kmita.art.pl\/index.php\/wp-json\/wp\/v2\/pages"}],"about":[{"href":"https:\/\/kmita.art.pl\/index.php\/wp-json\/wp\/v2\/types\/page"}],"author":[{"embeddable":true,"href":"https:\/\/kmita.art.pl\/index.php\/wp-json\/wp\/v2\/users\/2"}],"replies":[{"embeddable":true,"href":"https:\/\/kmita.art.pl\/index.php\/wp-json\/wp\/v2\/comments?post=103"}],"version-history":[{"count":2,"href":"https:\/\/kmita.art.pl\/index.php\/wp-json\/wp\/v2\/pages\/103\/revisions"}],"predecessor-version":[{"id":127,"href":"https:\/\/kmita.art.pl\/index.php\/wp-json\/wp\/v2\/pages\/103\/revisions\/127"}],"up":[{"embeddable":true,"href":"https:\/\/kmita.art.pl\/index.php\/wp-json\/wp\/v2\/pages\/15"}],"wp:attachment":[{"href":"https:\/\/kmita.art.pl\/index.php\/wp-json\/wp\/v2\/media?parent=103"}],"curies":[{"name":"wp","href":"https:\/\/api.w.org\/{rel}","templated":true}]}}